{"id":1114,"date":"2019-10-16T11:26:07","date_gmt":"2019-10-16T09:26:07","guid":{"rendered":"https:\/\/cgtcemp.fr\/?page_id=1114"},"modified":"2019-10-16T11:46:35","modified_gmt":"2019-10-16T09:46:35","slug":"dispositif-nouveaux-embauches","status":"publish","type":"page","link":"https:\/\/cgtcemp.fr\/index.php\/cemp-pratique\/la-vie-dans-lentreprise\/la-remuneration\/dispositif-nouveaux-embauches\/","title":{"rendered":"Dispositif Nouveaux Embauch\u00e9s"},"content":{"rendered":"<p>En CEMP il existe un dispositif pour les nouveaux embauch\u00e9s permettant une \u00e9volution salariale pr\u00e9vue sur 3 \u00e9tapes distinctes\u00a0validant l&rsquo;acquisition de comp\u00e9tences. 2 cas de figure existes suivant le type d&#8217;embauche (B ou \u00a0C)<\/p>\n<p style=\"text-align: center;\">Cliquez sur le lien ci dessous pour en connaitre le d\u00e9tail.<\/p>\n<p style=\"text-align: center;\"><span style=\"color: #ff0000;\"><strong><a style=\"color: #ff0000;\" href=\"https:\/\/cgtcemp.fr\/wp-content\/uploads\/2019\/10\/dispositif-nouveaux-embauches.pdf\">DISPOSITIF NOUVEAUX EMBAUCHES<\/a><\/strong><\/span><\/p>\n\n<div class=\"twitter-share\"><a href=\"https:\/\/twitter.com\/intent\/tweet?via=cempcgt\" class=\"twitter-share-button\">Tweet<\/a><\/div>\n","protected":false},"excerpt":{"rendered":"En CEMP il existe un dispositif pour les nouveaux embauch\u00e9s permettant une \u00e9volution salariale pr\u00e9vue sur 3 \u00e9tapes distinctes\u00a0validant l&rsquo;acquisition de comp\u00e9tences. 2 cas de figure existes suivant le type d&#8217;embauche (B ou \u00a0C) Cliquez sur le lien ci dessous pour en connaitre le d\u00e9tail. DISPOSITIF NOUVEAUX EMBAUCHES","protected":false},"author":6,"featured_media":0,"parent":53,"menu_order":3,"comment_status":"closed","ping_status":"closed","template":"","meta":{"_seopress_robots_primary_cat":""},"yoast_head":"<!-- This site is optimized with the Yoast SEO plugin v20.7 - https:\/\/yoast.com\/wordpress\/plugins\/seo\/ -->\n<title>Dispositif Nouveaux Embauch\u00e9s &ndash; UGICT-CGT CEMP<\/title>\n<meta name=\"robots\" content=\"index, follow, max-snippet:-1, max-image-preview:large, max-video-preview:-1\" \/>\n<link rel=\"canonical\" href=\"https:\/\/cgtcemp.fr\/index.php\/cemp-pratique\/la-vie-dans-lentreprise\/la-remuneration\/dispositif-nouveaux-embauches\/\" \/>\n<meta property=\"og:locale\" content=\"fr_FR\" \/>\n<meta property=\"og:type\" content=\"article\" \/>\n<meta property=\"og:title\" content=\"Dispositif Nouveaux Embauch\u00e9s &ndash; UGICT-CGT CEMP\" \/>\n<meta property=\"og:description\" content=\"En CEMP il existe un dispositif pour les nouveaux embauch\u00e9s permettant une \u00e9volution salariale pr\u00e9vue sur 3 \u00e9tapes distinctes\u00a0validant l&rsquo;acquisition de comp\u00e9tences. 2 cas de figure existes suivant le type d&#8217;embauche (B ou \u00a0C) Cliquez sur le lien ci dessous pour en connaitre le d\u00e9tail. DISPOSITIF NOUVEAUX EMBAUCHES\" \/>\n<meta property=\"og:url\" content=\"https:\/\/cgtcemp.fr\/index.php\/cemp-pratique\/la-vie-dans-lentreprise\/la-remuneration\/dispositif-nouveaux-embauches\/\" \/>\n<meta property=\"og:site_name\" content=\"UGICT-CGT CEMP\" \/>\n<meta property=\"article:publisher\" content=\"https:\/\/www.facebook.com\/cgt.cemp\/?ref=aymt_homepage_panel&amp;amp%3bamp%3bamp%3bamp%3bamp%3bamp%3bamp%3bamp%3bamp%3bamp%3bamp%3bamp%3bamp%3bamp%3bamp%3bamp%3bamp%3bamp%3bamp%3bamp%3bamp%3bamp%3bamp%3bamp%3bamp%3beid=ARBQr8XhOjp5Tq4trUkGP2Pa21bM89bHimJF7lyAgDrZ4-IMs61LsmU6wm7cAVLt_A6L-b9moydbo1xu\" \/>\n<meta property=\"article:modified_time\" content=\"2019-10-16T09:46:35+00:00\" \/>\n<meta name=\"twitter:card\" content=\"summary_large_image\" \/>\n<meta name=\"twitter:site\" content=\"@CGTCEMP\" \/>\n<script type=\"application\/ld+json\" class=\"yoast-schema-graph\">{\"@context\":\"https:\/\/schema.org\",\"@graph\":[{\"@type\":\"WebPage\",\"@id\":\"https:\/\/cgtcemp.fr\/index.php\/cemp-pratique\/la-vie-dans-lentreprise\/la-remuneration\/dispositif-nouveaux-embauches\/\",\"url\":\"https:\/\/cgtcemp.fr\/index.php\/cemp-pratique\/la-vie-dans-lentreprise\/la-remuneration\/dispositif-nouveaux-embauches\/\",\"name\":\"Dispositif Nouveaux Embauch\u00e9s &ndash; UGICT-CGT CEMP\",\"isPartOf\":{\"@id\":\"https:\/\/cgtcemp.fr\/#website\"},\"datePublished\":\"2019-10-16T09:26:07+00:00\",\"dateModified\":\"2019-10-16T09:46:35+00:00\",\"breadcrumb\":{\"@id\":\"https:\/\/cgtcemp.fr\/index.php\/cemp-pratique\/la-vie-dans-lentreprise\/la-remuneration\/dispositif-nouveaux-embauches\/#breadcrumb\"},\"inLanguage\":\"fr-FR\",\"potentialAction\":[{\"@type\":\"ReadAction\",\"target\":[\"https:\/\/cgtcemp.fr\/index.php\/cemp-pratique\/la-vie-dans-lentreprise\/la-remuneration\/dispositif-nouveaux-embauches\/\"]}]},{\"@type\":\"BreadcrumbList\",\"@id\":\"https:\/\/cgtcemp.fr\/index.php\/cemp-pratique\/la-vie-dans-lentreprise\/la-remuneration\/dispositif-nouveaux-embauches\/#breadcrumb\",\"itemListElement\":[{\"@type\":\"ListItem\",\"position\":1,\"name\":\"Accueil\",\"item\":\"https:\/\/cgtcemp.fr\/\"},{\"@type\":\"ListItem\",\"position\":2,\"name\":\"CEMP Pratique\",\"item\":\"https:\/\/cgtcemp.fr\/index.php\/cemp-pratique\/\"},{\"@type\":\"ListItem\",\"position\":3,\"name\":\"La vie dans l&rsquo;entreprise\",\"item\":\"https:\/\/cgtcemp.fr\/index.php\/cemp-pratique\/la-vie-dans-lentreprise\/\"},{\"@type\":\"ListItem\",\"position\":4,\"name\":\"Structure de la r\u00e9mun\u00e9ration\",\"item\":\"https:\/\/cgtcemp.fr\/index.php\/cemp-pratique\/la-vie-dans-lentreprise\/la-remuneration\/\"},{\"@type\":\"ListItem\",\"position\":5,\"name\":\"Dispositif Nouveaux Embauch\u00e9s\"}]},{\"@type\":\"WebSite\",\"@id\":\"https:\/\/cgtcemp.fr\/#website\",\"url\":\"https:\/\/cgtcemp.fr\/\",\"name\":\"UGICT-CGT CEMP\",\"description\":\"Syndicat Cadres et Techniciens de la Caisse d&#039;Epargne Midi-Pyr\u00e9n\u00e9es\",\"publisher\":{\"@id\":\"https:\/\/cgtcemp.fr\/#organization\"},\"potentialAction\":[{\"@type\":\"SearchAction\",\"target\":{\"@type\":\"EntryPoint\",\"urlTemplate\":\"https:\/\/cgtcemp.fr\/?s={search_term_string}\"},\"query-input\":\"required name=search_term_string\"}],\"inLanguage\":\"fr-FR\"},{\"@type\":\"Organization\",\"@id\":\"https:\/\/cgtcemp.fr\/#organization\",\"name\":\"CGTCEMP\",\"url\":\"https:\/\/cgtcemp.fr\/\",\"logo\":{\"@type\":\"ImageObject\",\"inLanguage\":\"fr-FR\",\"@id\":\"https:\/\/cgtcemp.fr\/#\/schema\/logo\/image\/\",\"url\":\"https:\/\/cgtcemp.fr\/wp-content\/uploads\/2019\/05\/unnamed.png\",\"contentUrl\":\"https:\/\/cgtcemp.fr\/wp-content\/uploads\/2019\/05\/unnamed.png\",\"width\":237,\"height\":162,\"caption\":\"CGTCEMP\"},\"image\":{\"@id\":\"https:\/\/cgtcemp.fr\/#\/schema\/logo\/image\/\"},\"sameAs\":[\"https:\/\/www.facebook.com\/cgt.cemp\/?ref=aymt_homepage_panel&amp;amp;amp;amp;amp;amp;amp;amp;amp;amp;amp;amp;amp;amp;amp;amp;amp;amp;amp;amp;amp;amp;amp;amp;amp;eid=ARBQr8XhOjp5Tq4trUkGP2Pa21bM89bHimJF7lyAgDrZ4-IMs61LsmU6wm7cAVLt_A6L-b9moydbo1xu\",\"https:\/\/twitter.com\/CGTCEMP\"]}]}<\/script>\n<!-- \/ Yoast SEO plugin. -->","yoast_head_json":{"title":"Dispositif Nouveaux Embauch\u00e9s &ndash; UGICT-CGT CEMP","robots":{"index":"index","follow":"follow","max-snippet":"max-snippet:-1","max-image-preview":"max-image-preview:large","max-video-preview":"max-video-preview:-1"},"canonical":"https:\/\/cgtcemp.fr\/index.php\/cemp-pratique\/la-vie-dans-lentreprise\/la-remuneration\/dispositif-nouveaux-embauches\/","og_locale":"fr_FR","og_type":"article","og_title":"Dispositif Nouveaux Embauch\u00e9s &ndash; UGICT-CGT CEMP","og_description":"En CEMP il existe un dispositif pour les nouveaux embauch\u00e9s permettant une \u00e9volution salariale pr\u00e9vue sur 3 \u00e9tapes distinctes\u00a0validant l&rsquo;acquisition de comp\u00e9tences. 2 cas de figure existes suivant le type d&#8217;embauche (B ou \u00a0C) Cliquez sur le lien ci dessous pour en connaitre le d\u00e9tail. DISPOSITIF NOUVEAUX EMBAUCHES","og_url":"https:\/\/cgtcemp.fr\/index.php\/cemp-pratique\/la-vie-dans-lentreprise\/la-remuneration\/dispositif-nouveaux-embauches\/","og_site_name":"UGICT-CGT CEMP","article_publisher":"https:\/\/www.facebook.com\/cgt.cemp\/?ref=aymt_homepage_panel&amp%3bamp%3bamp%3bamp%3bamp%3bamp%3bamp%3bamp%3bamp%3bamp%3bamp%3bamp%3bamp%3bamp%3bamp%3bamp%3bamp%3bamp%3bamp%3bamp%3bamp%3bamp%3bamp%3bamp%3bamp%3beid=ARBQr8XhOjp5Tq4trUkGP2Pa21bM89bHimJF7lyAgDrZ4-IMs61LsmU6wm7cAVLt_A6L-b9moydbo1xu","article_modified_time":"2019-10-16T09:46:35+00:00","twitter_card":"summary_large_image","twitter_site":"@CGTCEMP","schema":{"@context":"https:\/\/schema.org","@graph":[{"@type":"WebPage","@id":"https:\/\/cgtcemp.fr\/index.php\/cemp-pratique\/la-vie-dans-lentreprise\/la-remuneration\/dispositif-nouveaux-embauches\/","url":"https:\/\/cgtcemp.fr\/index.php\/cemp-pratique\/la-vie-dans-lentreprise\/la-remuneration\/dispositif-nouveaux-embauches\/","name":"Dispositif Nouveaux Embauch\u00e9s &ndash; UGICT-CGT CEMP","isPartOf":{"@id":"https:\/\/cgtcemp.fr\/#website"},"datePublished":"2019-10-16T09:26:07+00:00","dateModified":"2019-10-16T09:46:35+00:00","breadcrumb":{"@id":"https:\/\/cgtcemp.fr\/index.php\/cemp-pratique\/la-vie-dans-lentreprise\/la-remuneration\/dispositif-nouveaux-embauches\/#breadcrumb"},"inLanguage":"fr-FR","potentialAction":[{"@type":"ReadAction","target":["https:\/\/cgtcemp.fr\/index.php\/cemp-pratique\/la-vie-dans-lentreprise\/la-remuneration\/dispositif-nouveaux-embauches\/"]}]},{"@type":"BreadcrumbList","@id":"https:\/\/cgtcemp.fr\/index.php\/cemp-pratique\/la-vie-dans-lentreprise\/la-remuneration\/dispositif-nouveaux-embauches\/#breadcrumb","itemListElement":[{"@type":"ListItem","position":1,"name":"Accueil","item":"https:\/\/cgtcemp.fr\/"},{"@type":"ListItem","position":2,"name":"CEMP Pratique","item":"https:\/\/cgtcemp.fr\/index.php\/cemp-pratique\/"},{"@type":"ListItem","position":3,"name":"La vie dans l&rsquo;entreprise","item":"https:\/\/cgtcemp.fr\/index.php\/cemp-pratique\/la-vie-dans-lentreprise\/"},{"@type":"ListItem","position":4,"name":"Structure de la r\u00e9mun\u00e9ration","item":"https:\/\/cgtcemp.fr\/index.php\/cemp-pratique\/la-vie-dans-lentreprise\/la-remuneration\/"},{"@type":"ListItem","position":5,"name":"Dispositif Nouveaux Embauch\u00e9s"}]},{"@type":"WebSite","@id":"https:\/\/cgtcemp.fr\/#website","url":"https:\/\/cgtcemp.fr\/","name":"UGICT-CGT CEMP","description":"Syndicat Cadres et Techniciens de la Caisse d&#039;Epargne Midi-Pyr\u00e9n\u00e9es","publisher":{"@id":"https:\/\/cgtcemp.fr\/#organization"},"potentialAction":[{"@type":"SearchAction","target":{"@type":"EntryPoint","urlTemplate":"https:\/\/cgtcemp.fr\/?s={search_term_string}"},"query-input":"required name=search_term_string"}],"inLanguage":"fr-FR"},{"@type":"Organization","@id":"https:\/\/cgtcemp.fr\/#organization","name":"CGTCEMP","url":"https:\/\/cgtcemp.fr\/","logo":{"@type":"ImageObject","inLanguage":"fr-FR","@id":"https:\/\/cgtcemp.fr\/#\/schema\/logo\/image\/","url":"https:\/\/cgtcemp.fr\/wp-content\/uploads\/2019\/05\/unnamed.png","contentUrl":"https:\/\/cgtcemp.fr\/wp-content\/uploads\/2019\/05\/unnamed.png","width":237,"height":162,"caption":"CGTCEMP"},"image":{"@id":"https:\/\/cgtcemp.fr\/#\/schema\/logo\/image\/"},"sameAs":["https:\/\/www.facebook.com\/cgt.cemp\/?ref=aymt_homepage_panel&amp;amp;amp;amp;amp;amp;amp;amp;amp;amp;amp;amp;amp;amp;amp;amp;amp;amp;amp;amp;amp;amp;amp;amp;amp;eid=ARBQr8XhOjp5Tq4trUkGP2Pa21bM89bHimJF7lyAgDrZ4-IMs61LsmU6wm7cAVLt_A6L-b9moydbo1xu","https:\/\/twitter.com\/CGTCEMP"]}]}},"_links":{"self":[{"href":"https:\/\/cgtcemp.fr\/index.php\/wp-json\/wp\/v2\/pages\/1114"}],"collection":[{"href":"https:\/\/cgtcemp.fr\/index.php\/wp-json\/wp\/v2\/pages"}],"about":[{"href":"https:\/\/cgtcemp.fr\/index.php\/wp-json\/wp\/v2\/types\/page"}],"author":[{"embeddable":true,"href":"https:\/\/cgtcemp.fr\/index.php\/wp-json\/wp\/v2\/users\/6"}],"replies":[{"embeddable":true,"href":"https:\/\/cgtcemp.fr\/index.php\/wp-json\/wp\/v2\/comments?post=1114"}],"version-history":[{"count":3,"href":"https:\/\/cgtcemp.fr\/index.php\/wp-json\/wp\/v2\/pages\/1114\/revisions"}],"predecessor-version":[{"id":1118,"href":"https:\/\/cgtcemp.fr\/index.php\/wp-json\/wp\/v2\/pages\/1114\/revisions\/1118"}],"up":[{"embeddable":true,"href":"https:\/\/cgtcemp.fr\/index.php\/wp-json\/wp\/v2\/pages\/53"}],"wp:attachment":[{"href":"https:\/\/cgtcemp.fr\/index.php\/wp-json\/wp\/v2\/media?parent=1114"}],"curies":[{"name":"wp","href":"https:\/\/api.w.org\/{rel}","templated":true}]}}