{"id":12,"date":"2016-07-23T18:30:50","date_gmt":"2016-07-23T16:30:50","guid":{"rendered":"http:\/\/cgtcemp.fr\/?page_id=12"},"modified":"2026-01-28T12:21:52","modified_gmt":"2026-01-28T11:21:52","slug":"qui-sommes-nous","status":"publish","type":"page","link":"https:\/\/cgtcemp.fr\/index.php\/qui-sommes-nous\/","title":{"rendered":"Qui sommes-nous ?"},"content":{"rendered":"<p><img decoding=\"async\" loading=\"lazy\" class=\"aligncenter size-full wp-image-1065\" src=\"https:\/\/cgtcemp.fr\/wp-content\/uploads\/2019\/05\/unnamed.png\" alt=\"\" width=\"237\" height=\"162\" \/><\/p>\n<p>Le syndicat UGICT-CGT CEMP existe depuis longtemps en Caisse d\u2019\u00e9pargne Midi-Pyr\u00e9n\u00e9es. Il connait en 2005 une deuxi\u00e8me naissance avec le renfort de syndicalistes de la CFDT en rupture de ban avec les orientations de leur conf\u00e9d\u00e9ration. Il p\u00e8se d\u00e8s 2005 15% dans le paysage syndical de la Caisse d\u2019\u00e9pargne Midi-Pyr\u00e9n\u00e9es. Aux \u00a0\u00e9lections professionnelles de 2014, son audience \u00e9lectorale \u00e9tait sup\u00e9rieure \u00e0 17%.<\/p>\n<p>2019 est une ann\u00e9e de changement avec les \u00e9lections du tout nouveau Comit\u00e9 Social Economique (CSE) issu de la loi travail 2017, instance qui fusionne le comit\u00e9 d&rsquo;entreprise, les d\u00e9l\u00e9gu\u00e9s du personnel et le CHSCT.<\/p>\n<p>L&rsquo;UGICT-CGT CEMP a continu\u00e9 sa progression puisque son audience le porte \u00e0 plus de 24% et plus de 29% en repr\u00e9sentativit\u00e9 relative.<\/p>\n<p>Il compte aujourd\u2019hui 6 \u00e9lus au CSE sur 20 si\u00e8ges , 1 \u00e9lu au 1er coll\u00e8ge, 4 \u00e9lus au second et 1 \u00e9lu dans le 3eme coll\u00e8ge(coll\u00e8ge cadres)<\/p>\n<p>L&rsquo;UGICT CGT fait partie de la f\u00e9d\u00e9ration CGT de la banque et de l\u2019assurance qui compose l\u2019une des 33 f\u00e9d\u00e9rations de la Conf\u00e9d\u00e9ration G\u00e9n\u00e9rale du Travail (CGT).<\/p>\n<p>Depuis l&rsquo;assembl\u00e9e g\u00e9n\u00e9rale du 26 Septembre 2016, il est adh\u00e9rent \u00e0 l&rsquo;Union G\u00e9n\u00e9rale des Ing\u00e9nieurs, Cadres et Techniciens (UGICT). Il s&rsquo;agit d&rsquo;une \u00e9manation de la CGT qui, par son positionnement et ses valeurs, est plus en coh\u00e9rence avec notre secteur d&rsquo;activit\u00e9. Vous pouvez consulter le site Internet de l&rsquo;UGICT en <a href=\"http:\/\/ugict.cgt.fr\" target=\"_blank\" rel=\"noopener noreferrer\">cliquant ici<\/a>.<\/p>\n<p>La CGT nationale est la premi\u00e8re organisation syndicale en France. A ce jour, elle d\u00e9passe les 30% d\u2019audience.<\/p>\n<p>La CGT compte \u00e9galement :<\/p>\n<ul>\n<li>L&rsquo;<strong>UCR<\/strong>\u00a0pour les retrait\u00e9s,<\/li>\n<li>Le comit\u00e9 national de lutte et de d\u00e9fense des ch\u00f4meurs.<\/li>\n<\/ul>\n<p>Les statuts du syndicat sont disponibles ici :\u00a0<a href=\"https:\/\/cgtcemp.fr\/wp-content\/uploads\/2026\/01\/Statuts-juillet-2022-Syndicat-du-personnel-de-la-banque-de-Midi.pdf\" target=\"_blank\" rel=\"noopener noreferrer\">Statuts<\/a><\/p>\n\n<div class=\"twitter-share\"><a href=\"https:\/\/twitter.com\/intent\/tweet?via=cempcgt\" class=\"twitter-share-button\">Tweet<\/a><\/div>\n","protected":false},"excerpt":{"rendered":"Le syndicat UGICT-CGT CEMP existe depuis longtemps en Caisse d\u2019\u00e9pargne Midi-Pyr\u00e9n\u00e9es. Il connait en 2005 une deuxi\u00e8me naissance avec le renfort de syndicalistes de la CFDT en rupture de ban avec les orientations de leur conf\u00e9d\u00e9ration. Il p\u00e8se d\u00e8s 2005 15% dans le paysage syndical de la Caisse d\u2019\u00e9pargne Midi-Pyr\u00e9n\u00e9es. Aux \u00a0\u00e9lections professionnelles de 2014, son audience \u00e9lectorale \u00e9tait sup\u00e9rieure \u00e0 17%. 2019 est une ann\u00e9e de changement avec les \u00e9lections du tout nouveau Comit\u00e9 Social Economique (CSE) issu de la loi travail 2017, instance qui fusionne le comit\u00e9 d&rsquo;entreprise, les d\u00e9l\u00e9gu\u00e9s du personnel et le CHSCT. L&rsquo;UGICT-CGT CEMP a continu\u00e9 sa progression puisque son audience le porte \u00e0 plus de 24% et plus de 29% en repr\u00e9sentativit\u00e9 relative. Il ","protected":false},"author":6,"featured_media":0,"parent":0,"menu_order":2,"comment_status":"closed","ping_status":"closed","template":"","meta":{"_seopress_robots_primary_cat":""},"yoast_head":"<!-- This site is optimized with the Yoast SEO plugin v20.7 - https:\/\/yoast.com\/wordpress\/plugins\/seo\/ -->\n<title>Qui sommes-nous ? &ndash; UGICT-CGT CEMP<\/title>\n<meta name=\"robots\" content=\"index, follow, max-snippet:-1, max-image-preview:large, max-video-preview:-1\" \/>\n<link rel=\"canonical\" href=\"https:\/\/cgtcemp.fr\/index.php\/qui-sommes-nous\/\" \/>\n<meta property=\"og:locale\" content=\"fr_FR\" \/>\n<meta property=\"og:type\" content=\"article\" \/>\n<meta property=\"og:title\" content=\"Qui sommes-nous ? &ndash; UGICT-CGT CEMP\" \/>\n<meta property=\"og:description\" content=\"Le syndicat UGICT-CGT CEMP existe depuis longtemps en Caisse d\u2019\u00e9pargne Midi-Pyr\u00e9n\u00e9es. Il connait en 2005 une deuxi\u00e8me naissance avec le renfort de syndicalistes de la CFDT en rupture de ban avec les orientations de leur conf\u00e9d\u00e9ration. Il p\u00e8se d\u00e8s 2005 15% dans le paysage syndical de la Caisse d\u2019\u00e9pargne Midi-Pyr\u00e9n\u00e9es. Aux \u00a0\u00e9lections professionnelles de 2014, son audience \u00e9lectorale \u00e9tait sup\u00e9rieure \u00e0 17%. 2019 est une ann\u00e9e de changement avec les \u00e9lections du tout nouveau Comit\u00e9 Social Economique (CSE) issu de la loi travail 2017, instance qui fusionne le comit\u00e9 d&rsquo;entreprise, les d\u00e9l\u00e9gu\u00e9s du personnel et le CHSCT. L&rsquo;UGICT-CGT CEMP a continu\u00e9 sa progression puisque son audience le porte \u00e0 plus de 24% et plus de 29% en repr\u00e9sentativit\u00e9 relative. Il\" \/>\n<meta property=\"og:url\" content=\"https:\/\/cgtcemp.fr\/index.php\/qui-sommes-nous\/\" \/>\n<meta property=\"og:site_name\" content=\"UGICT-CGT CEMP\" \/>\n<meta property=\"article:publisher\" content=\"https:\/\/www.facebook.com\/cgt.cemp\/?ref=aymt_homepage_panel&amp;amp%3bamp%3bamp%3bamp%3bamp%3bamp%3bamp%3bamp%3bamp%3bamp%3bamp%3bamp%3bamp%3bamp%3bamp%3bamp%3bamp%3bamp%3bamp%3bamp%3bamp%3bamp%3bamp%3bamp%3bamp%3beid=ARBQr8XhOjp5Tq4trUkGP2Pa21bM89bHimJF7lyAgDrZ4-IMs61LsmU6wm7cAVLt_A6L-b9moydbo1xu\" \/>\n<meta property=\"article:modified_time\" content=\"2026-01-28T11:21:52+00:00\" \/>\n<meta property=\"og:image\" content=\"https:\/\/cgtcemp.fr\/wp-content\/uploads\/2019\/05\/unnamed.png\" \/>\n<meta name=\"twitter:card\" content=\"summary_large_image\" \/>\n<meta name=\"twitter:site\" content=\"@CGTCEMP\" \/>\n<meta name=\"twitter:label1\" content=\"Dur\u00e9e de lecture estim\u00e9e\" \/>\n\t<meta name=\"twitter:data1\" content=\"2 minutes\" \/>\n<script type=\"application\/ld+json\" class=\"yoast-schema-graph\">{\"@context\":\"https:\/\/schema.org\",\"@graph\":[{\"@type\":\"WebPage\",\"@id\":\"https:\/\/cgtcemp.fr\/index.php\/qui-sommes-nous\/\",\"url\":\"https:\/\/cgtcemp.fr\/index.php\/qui-sommes-nous\/\",\"name\":\"Qui sommes-nous ? &ndash; UGICT-CGT CEMP\",\"isPartOf\":{\"@id\":\"https:\/\/cgtcemp.fr\/#website\"},\"datePublished\":\"2016-07-23T16:30:50+00:00\",\"dateModified\":\"2026-01-28T11:21:52+00:00\",\"breadcrumb\":{\"@id\":\"https:\/\/cgtcemp.fr\/index.php\/qui-sommes-nous\/#breadcrumb\"},\"inLanguage\":\"fr-FR\",\"potentialAction\":[{\"@type\":\"ReadAction\",\"target\":[\"https:\/\/cgtcemp.fr\/index.php\/qui-sommes-nous\/\"]}]},{\"@type\":\"BreadcrumbList\",\"@id\":\"https:\/\/cgtcemp.fr\/index.php\/qui-sommes-nous\/#breadcrumb\",\"itemListElement\":[{\"@type\":\"ListItem\",\"position\":1,\"name\":\"Accueil\",\"item\":\"https:\/\/cgtcemp.fr\/\"},{\"@type\":\"ListItem\",\"position\":2,\"name\":\"Qui sommes-nous ?\"}]},{\"@type\":\"WebSite\",\"@id\":\"https:\/\/cgtcemp.fr\/#website\",\"url\":\"https:\/\/cgtcemp.fr\/\",\"name\":\"UGICT-CGT CEMP\",\"description\":\"Syndicat Cadres et Techniciens de la Caisse d&#039;Epargne Midi-Pyr\u00e9n\u00e9es\",\"publisher\":{\"@id\":\"https:\/\/cgtcemp.fr\/#organization\"},\"potentialAction\":[{\"@type\":\"SearchAction\",\"target\":{\"@type\":\"EntryPoint\",\"urlTemplate\":\"https:\/\/cgtcemp.fr\/?s={search_term_string}\"},\"query-input\":\"required name=search_term_string\"}],\"inLanguage\":\"fr-FR\"},{\"@type\":\"Organization\",\"@id\":\"https:\/\/cgtcemp.fr\/#organization\",\"name\":\"CGTCEMP\",\"url\":\"https:\/\/cgtcemp.fr\/\",\"logo\":{\"@type\":\"ImageObject\",\"inLanguage\":\"fr-FR\",\"@id\":\"https:\/\/cgtcemp.fr\/#\/schema\/logo\/image\/\",\"url\":\"https:\/\/cgtcemp.fr\/wp-content\/uploads\/2019\/05\/unnamed.png\",\"contentUrl\":\"https:\/\/cgtcemp.fr\/wp-content\/uploads\/2019\/05\/unnamed.png\",\"width\":237,\"height\":162,\"caption\":\"CGTCEMP\"},\"image\":{\"@id\":\"https:\/\/cgtcemp.fr\/#\/schema\/logo\/image\/\"},\"sameAs\":[\"https:\/\/www.facebook.com\/cgt.cemp\/?ref=aymt_homepage_panel&amp;amp;amp;amp;amp;amp;amp;amp;amp;amp;amp;amp;amp;amp;amp;amp;amp;amp;amp;amp;amp;amp;amp;amp;amp;eid=ARBQr8XhOjp5Tq4trUkGP2Pa21bM89bHimJF7lyAgDrZ4-IMs61LsmU6wm7cAVLt_A6L-b9moydbo1xu\",\"https:\/\/twitter.com\/CGTCEMP\"]}]}<\/script>\n<!-- \/ Yoast SEO plugin. -->","yoast_head_json":{"title":"Qui sommes-nous ? &ndash; UGICT-CGT CEMP","robots":{"index":"index","follow":"follow","max-snippet":"max-snippet:-1","max-image-preview":"max-image-preview:large","max-video-preview":"max-video-preview:-1"},"canonical":"https:\/\/cgtcemp.fr\/index.php\/qui-sommes-nous\/","og_locale":"fr_FR","og_type":"article","og_title":"Qui sommes-nous ? &ndash; UGICT-CGT CEMP","og_description":"Le syndicat UGICT-CGT CEMP existe depuis longtemps en Caisse d\u2019\u00e9pargne Midi-Pyr\u00e9n\u00e9es. Il connait en 2005 une deuxi\u00e8me naissance avec le renfort de syndicalistes de la CFDT en rupture de ban avec les orientations de leur conf\u00e9d\u00e9ration. Il p\u00e8se d\u00e8s 2005 15% dans le paysage syndical de la Caisse d\u2019\u00e9pargne Midi-Pyr\u00e9n\u00e9es. Aux \u00a0\u00e9lections professionnelles de 2014, son audience \u00e9lectorale \u00e9tait sup\u00e9rieure \u00e0 17%. 2019 est une ann\u00e9e de changement avec les \u00e9lections du tout nouveau Comit\u00e9 Social Economique (CSE) issu de la loi travail 2017, instance qui fusionne le comit\u00e9 d&rsquo;entreprise, les d\u00e9l\u00e9gu\u00e9s du personnel et le CHSCT. L&rsquo;UGICT-CGT CEMP a continu\u00e9 sa progression puisque son audience le porte \u00e0 plus de 24% et plus de 29% en repr\u00e9sentativit\u00e9 relative. Il","og_url":"https:\/\/cgtcemp.fr\/index.php\/qui-sommes-nous\/","og_site_name":"UGICT-CGT CEMP","article_publisher":"https:\/\/www.facebook.com\/cgt.cemp\/?ref=aymt_homepage_panel&amp%3bamp%3bamp%3bamp%3bamp%3bamp%3bamp%3bamp%3bamp%3bamp%3bamp%3bamp%3bamp%3bamp%3bamp%3bamp%3bamp%3bamp%3bamp%3bamp%3bamp%3bamp%3bamp%3bamp%3bamp%3beid=ARBQr8XhOjp5Tq4trUkGP2Pa21bM89bHimJF7lyAgDrZ4-IMs61LsmU6wm7cAVLt_A6L-b9moydbo1xu","article_modified_time":"2026-01-28T11:21:52+00:00","og_image":[{"url":"https:\/\/cgtcemp.fr\/wp-content\/uploads\/2019\/05\/unnamed.png"}],"twitter_card":"summary_large_image","twitter_site":"@CGTCEMP","twitter_misc":{"Dur\u00e9e de lecture estim\u00e9e":"2 minutes"},"schema":{"@context":"https:\/\/schema.org","@graph":[{"@type":"WebPage","@id":"https:\/\/cgtcemp.fr\/index.php\/qui-sommes-nous\/","url":"https:\/\/cgtcemp.fr\/index.php\/qui-sommes-nous\/","name":"Qui sommes-nous ? &ndash; UGICT-CGT CEMP","isPartOf":{"@id":"https:\/\/cgtcemp.fr\/#website"},"datePublished":"2016-07-23T16:30:50+00:00","dateModified":"2026-01-28T11:21:52+00:00","breadcrumb":{"@id":"https:\/\/cgtcemp.fr\/index.php\/qui-sommes-nous\/#breadcrumb"},"inLanguage":"fr-FR","potentialAction":[{"@type":"ReadAction","target":["https:\/\/cgtcemp.fr\/index.php\/qui-sommes-nous\/"]}]},{"@type":"BreadcrumbList","@id":"https:\/\/cgtcemp.fr\/index.php\/qui-sommes-nous\/#breadcrumb","itemListElement":[{"@type":"ListItem","position":1,"name":"Accueil","item":"https:\/\/cgtcemp.fr\/"},{"@type":"ListItem","position":2,"name":"Qui sommes-nous ?"}]},{"@type":"WebSite","@id":"https:\/\/cgtcemp.fr\/#website","url":"https:\/\/cgtcemp.fr\/","name":"UGICT-CGT CEMP","description":"Syndicat Cadres et Techniciens de la Caisse d&#039;Epargne Midi-Pyr\u00e9n\u00e9es","publisher":{"@id":"https:\/\/cgtcemp.fr\/#organization"},"potentialAction":[{"@type":"SearchAction","target":{"@type":"EntryPoint","urlTemplate":"https:\/\/cgtcemp.fr\/?s={search_term_string}"},"query-input":"required name=search_term_string"}],"inLanguage":"fr-FR"},{"@type":"Organization","@id":"https:\/\/cgtcemp.fr\/#organization","name":"CGTCEMP","url":"https:\/\/cgtcemp.fr\/","logo":{"@type":"ImageObject","inLanguage":"fr-FR","@id":"https:\/\/cgtcemp.fr\/#\/schema\/logo\/image\/","url":"https:\/\/cgtcemp.fr\/wp-content\/uploads\/2019\/05\/unnamed.png","contentUrl":"https:\/\/cgtcemp.fr\/wp-content\/uploads\/2019\/05\/unnamed.png","width":237,"height":162,"caption":"CGTCEMP"},"image":{"@id":"https:\/\/cgtcemp.fr\/#\/schema\/logo\/image\/"},"sameAs":["https:\/\/www.facebook.com\/cgt.cemp\/?ref=aymt_homepage_panel&amp;amp;amp;amp;amp;amp;amp;amp;amp;amp;amp;amp;amp;amp;amp;amp;amp;amp;amp;amp;amp;amp;amp;amp;amp;eid=ARBQr8XhOjp5Tq4trUkGP2Pa21bM89bHimJF7lyAgDrZ4-IMs61LsmU6wm7cAVLt_A6L-b9moydbo1xu","https:\/\/twitter.com\/CGTCEMP"]}]}},"_links":{"self":[{"href":"https:\/\/cgtcemp.fr\/index.php\/wp-json\/wp\/v2\/pages\/12"}],"collection":[{"href":"https:\/\/cgtcemp.fr\/index.php\/wp-json\/wp\/v2\/pages"}],"about":[{"href":"https:\/\/cgtcemp.fr\/index.php\/wp-json\/wp\/v2\/types\/page"}],"author":[{"embeddable":true,"href":"https:\/\/cgtcemp.fr\/index.php\/wp-json\/wp\/v2\/users\/6"}],"replies":[{"embeddable":true,"href":"https:\/\/cgtcemp.fr\/index.php\/wp-json\/wp\/v2\/comments?post=12"}],"version-history":[{"count":15,"href":"https:\/\/cgtcemp.fr\/index.php\/wp-json\/wp\/v2\/pages\/12\/revisions"}],"predecessor-version":[{"id":4984,"href":"https:\/\/cgtcemp.fr\/index.php\/wp-json\/wp\/v2\/pages\/12\/revisions\/4984"}],"wp:attachment":[{"href":"https:\/\/cgtcemp.fr\/index.php\/wp-json\/wp\/v2\/media?parent=12"}],"curies":[{"name":"wp","href":"https:\/\/api.w.org\/{rel}","templated":true}]}}