{"id":28,"date":"2016-07-23T18:34:59","date_gmt":"2016-07-23T16:34:59","guid":{"rendered":"http:\/\/cgtcemp.fr\/?page_id=28"},"modified":"2016-10-18T09:15:18","modified_gmt":"2016-10-18T07:15:18","slug":"rejoignez-nous","status":"publish","type":"page","link":"https:\/\/cgtcemp.fr\/index.php\/rejoignez-nous\/","title":{"rendered":"Rejoignez-nous !"},"content":{"rendered":"<p>Envie de nous rejoindre ?<\/p>\n<p>Il suffit de remplir le bulletin d\u2019adh\u00e9sion accessible en cliquant sur le lien ci-dessous.<\/p>\n<ul>\n<li><a href=\"https:\/\/cgtcemp.fr\/wp-content\/uploads\/2016\/07\/Bulletin-adh\u00e9sion-2016-1.pdf\" target=\"_blank\">Bulletin d\u2019adh\u00e9sion<\/a><\/li>\n<\/ul>\n<p>Ce dernier est \u00e0 renvoyer au local du syndicat accompagn\u00e9 d\u2019un RIB :<\/p>\n<p>UGICT-CGT CEMP Maxwell<br \/>\n10 avenue James Clerk Maxwell<br \/>\nBP 22306<br \/>\n31023 Toulouse Cedex 1<\/p>\n<p>Vous pouvez \u00e9galement nous transmettre ces \u00e9l\u00e9ments directement par mail sous forme num\u00e9ris\u00e9e =&gt; <a href=\"mailto:spbcemp@orange.fr\">spbcemp@orange.fr<\/a><\/p>\n\n<div class=\"twitter-share\"><a href=\"https:\/\/twitter.com\/intent\/tweet?via=cempcgt\" class=\"twitter-share-button\">Tweet<\/a><\/div>\n","protected":false},"excerpt":{"rendered":"Envie de nous rejoindre ? Il suffit de remplir le bulletin d\u2019adh\u00e9sion accessible en cliquant sur le lien ci-dessous. Bulletin d\u2019adh\u00e9sion Ce dernier est \u00e0 renvoyer au local du syndicat accompagn\u00e9 d\u2019un RIB : UGICT-CGT CEMP Maxwell 10 avenue James Clerk Maxwell BP 22306 31023 Toulouse Cedex 1 Vous pouvez \u00e9galement nous transmettre ces \u00e9l\u00e9ments directement par mail sous forme num\u00e9ris\u00e9e =&gt; spbcemp@orange.fr","protected":false},"author":6,"featured_media":0,"parent":0,"menu_order":7,"comment_status":"closed","ping_status":"closed","template":"","meta":{"_seopress_robots_primary_cat":""},"yoast_head":"<!-- This site is optimized with the Yoast SEO plugin v20.7 - https:\/\/yoast.com\/wordpress\/plugins\/seo\/ -->\n<title>Rejoignez-nous ! &ndash; UGICT-CGT CEMP<\/title>\n<meta name=\"robots\" content=\"index, follow, max-snippet:-1, max-image-preview:large, max-video-preview:-1\" \/>\n<link rel=\"canonical\" href=\"https:\/\/cgtcemp.fr\/index.php\/rejoignez-nous\/\" \/>\n<meta property=\"og:locale\" content=\"fr_FR\" \/>\n<meta property=\"og:type\" content=\"article\" \/>\n<meta property=\"og:title\" content=\"Rejoignez-nous ! &ndash; UGICT-CGT CEMP\" \/>\n<meta property=\"og:description\" content=\"Envie de nous rejoindre ? Il suffit de remplir le bulletin d\u2019adh\u00e9sion accessible en cliquant sur le lien ci-dessous. Bulletin d\u2019adh\u00e9sion Ce dernier est \u00e0 renvoyer au local du syndicat accompagn\u00e9 d\u2019un RIB : UGICT-CGT CEMP Maxwell 10 avenue James Clerk Maxwell BP 22306 31023 Toulouse Cedex 1 Vous pouvez \u00e9galement nous transmettre ces \u00e9l\u00e9ments directement par mail sous forme num\u00e9ris\u00e9e =&gt; spbcemp@orange.fr\" \/>\n<meta property=\"og:url\" content=\"https:\/\/cgtcemp.fr\/index.php\/rejoignez-nous\/\" \/>\n<meta property=\"og:site_name\" content=\"UGICT-CGT CEMP\" \/>\n<meta property=\"article:publisher\" content=\"https:\/\/www.facebook.com\/cgt.cemp\/?ref=aymt_homepage_panel&amp;amp%3bamp%3bamp%3bamp%3bamp%3bamp%3bamp%3bamp%3bamp%3bamp%3bamp%3bamp%3bamp%3bamp%3bamp%3bamp%3bamp%3bamp%3bamp%3bamp%3bamp%3bamp%3bamp%3bamp%3bamp%3beid=ARBQr8XhOjp5Tq4trUkGP2Pa21bM89bHimJF7lyAgDrZ4-IMs61LsmU6wm7cAVLt_A6L-b9moydbo1xu\" \/>\n<meta property=\"article:modified_time\" content=\"2016-10-18T07:15:18+00:00\" \/>\n<meta name=\"twitter:card\" content=\"summary_large_image\" \/>\n<meta name=\"twitter:site\" content=\"@CGTCEMP\" \/>\n<script type=\"application\/ld+json\" class=\"yoast-schema-graph\">{\"@context\":\"https:\/\/schema.org\",\"@graph\":[{\"@type\":\"WebPage\",\"@id\":\"https:\/\/cgtcemp.fr\/index.php\/rejoignez-nous\/\",\"url\":\"https:\/\/cgtcemp.fr\/index.php\/rejoignez-nous\/\",\"name\":\"Rejoignez-nous ! &ndash; UGICT-CGT CEMP\",\"isPartOf\":{\"@id\":\"https:\/\/cgtcemp.fr\/#website\"},\"datePublished\":\"2016-07-23T16:34:59+00:00\",\"dateModified\":\"2016-10-18T07:15:18+00:00\",\"breadcrumb\":{\"@id\":\"https:\/\/cgtcemp.fr\/index.php\/rejoignez-nous\/#breadcrumb\"},\"inLanguage\":\"fr-FR\",\"potentialAction\":[{\"@type\":\"ReadAction\",\"target\":[\"https:\/\/cgtcemp.fr\/index.php\/rejoignez-nous\/\"]}]},{\"@type\":\"BreadcrumbList\",\"@id\":\"https:\/\/cgtcemp.fr\/index.php\/rejoignez-nous\/#breadcrumb\",\"itemListElement\":[{\"@type\":\"ListItem\",\"position\":1,\"name\":\"Accueil\",\"item\":\"https:\/\/cgtcemp.fr\/\"},{\"@type\":\"ListItem\",\"position\":2,\"name\":\"Rejoignez-nous !\"}]},{\"@type\":\"WebSite\",\"@id\":\"https:\/\/cgtcemp.fr\/#website\",\"url\":\"https:\/\/cgtcemp.fr\/\",\"name\":\"UGICT-CGT CEMP\",\"description\":\"Syndicat Cadres et Techniciens de la Caisse d&#039;Epargne Midi-Pyr\u00e9n\u00e9es\",\"publisher\":{\"@id\":\"https:\/\/cgtcemp.fr\/#organization\"},\"potentialAction\":[{\"@type\":\"SearchAction\",\"target\":{\"@type\":\"EntryPoint\",\"urlTemplate\":\"https:\/\/cgtcemp.fr\/?s={search_term_string}\"},\"query-input\":\"required name=search_term_string\"}],\"inLanguage\":\"fr-FR\"},{\"@type\":\"Organization\",\"@id\":\"https:\/\/cgtcemp.fr\/#organization\",\"name\":\"CGTCEMP\",\"url\":\"https:\/\/cgtcemp.fr\/\",\"logo\":{\"@type\":\"ImageObject\",\"inLanguage\":\"fr-FR\",\"@id\":\"https:\/\/cgtcemp.fr\/#\/schema\/logo\/image\/\",\"url\":\"https:\/\/cgtcemp.fr\/wp-content\/uploads\/2019\/05\/unnamed.png\",\"contentUrl\":\"https:\/\/cgtcemp.fr\/wp-content\/uploads\/2019\/05\/unnamed.png\",\"width\":237,\"height\":162,\"caption\":\"CGTCEMP\"},\"image\":{\"@id\":\"https:\/\/cgtcemp.fr\/#\/schema\/logo\/image\/\"},\"sameAs\":[\"https:\/\/www.facebook.com\/cgt.cemp\/?ref=aymt_homepage_panel&amp;amp;amp;amp;amp;amp;amp;amp;amp;amp;amp;amp;amp;amp;amp;amp;amp;amp;amp;amp;amp;amp;amp;amp;amp;eid=ARBQr8XhOjp5Tq4trUkGP2Pa21bM89bHimJF7lyAgDrZ4-IMs61LsmU6wm7cAVLt_A6L-b9moydbo1xu\",\"https:\/\/twitter.com\/CGTCEMP\"]}]}<\/script>\n<!-- \/ Yoast SEO plugin. -->","yoast_head_json":{"title":"Rejoignez-nous ! &ndash; UGICT-CGT CEMP","robots":{"index":"index","follow":"follow","max-snippet":"max-snippet:-1","max-image-preview":"max-image-preview:large","max-video-preview":"max-video-preview:-1"},"canonical":"https:\/\/cgtcemp.fr\/index.php\/rejoignez-nous\/","og_locale":"fr_FR","og_type":"article","og_title":"Rejoignez-nous ! &ndash; UGICT-CGT CEMP","og_description":"Envie de nous rejoindre ? Il suffit de remplir le bulletin d\u2019adh\u00e9sion accessible en cliquant sur le lien ci-dessous. Bulletin d\u2019adh\u00e9sion Ce dernier est \u00e0 renvoyer au local du syndicat accompagn\u00e9 d\u2019un RIB : UGICT-CGT CEMP Maxwell 10 avenue James Clerk Maxwell BP 22306 31023 Toulouse Cedex 1 Vous pouvez \u00e9galement nous transmettre ces \u00e9l\u00e9ments directement par mail sous forme num\u00e9ris\u00e9e =&gt; spbcemp@orange.fr","og_url":"https:\/\/cgtcemp.fr\/index.php\/rejoignez-nous\/","og_site_name":"UGICT-CGT CEMP","article_publisher":"https:\/\/www.facebook.com\/cgt.cemp\/?ref=aymt_homepage_panel&amp%3bamp%3bamp%3bamp%3bamp%3bamp%3bamp%3bamp%3bamp%3bamp%3bamp%3bamp%3bamp%3bamp%3bamp%3bamp%3bamp%3bamp%3bamp%3bamp%3bamp%3bamp%3bamp%3bamp%3bamp%3beid=ARBQr8XhOjp5Tq4trUkGP2Pa21bM89bHimJF7lyAgDrZ4-IMs61LsmU6wm7cAVLt_A6L-b9moydbo1xu","article_modified_time":"2016-10-18T07:15:18+00:00","twitter_card":"summary_large_image","twitter_site":"@CGTCEMP","schema":{"@context":"https:\/\/schema.org","@graph":[{"@type":"WebPage","@id":"https:\/\/cgtcemp.fr\/index.php\/rejoignez-nous\/","url":"https:\/\/cgtcemp.fr\/index.php\/rejoignez-nous\/","name":"Rejoignez-nous ! &ndash; UGICT-CGT CEMP","isPartOf":{"@id":"https:\/\/cgtcemp.fr\/#website"},"datePublished":"2016-07-23T16:34:59+00:00","dateModified":"2016-10-18T07:15:18+00:00","breadcrumb":{"@id":"https:\/\/cgtcemp.fr\/index.php\/rejoignez-nous\/#breadcrumb"},"inLanguage":"fr-FR","potentialAction":[{"@type":"ReadAction","target":["https:\/\/cgtcemp.fr\/index.php\/rejoignez-nous\/"]}]},{"@type":"BreadcrumbList","@id":"https:\/\/cgtcemp.fr\/index.php\/rejoignez-nous\/#breadcrumb","itemListElement":[{"@type":"ListItem","position":1,"name":"Accueil","item":"https:\/\/cgtcemp.fr\/"},{"@type":"ListItem","position":2,"name":"Rejoignez-nous !"}]},{"@type":"WebSite","@id":"https:\/\/cgtcemp.fr\/#website","url":"https:\/\/cgtcemp.fr\/","name":"UGICT-CGT CEMP","description":"Syndicat Cadres et Techniciens de la Caisse d&#039;Epargne Midi-Pyr\u00e9n\u00e9es","publisher":{"@id":"https:\/\/cgtcemp.fr\/#organization"},"potentialAction":[{"@type":"SearchAction","target":{"@type":"EntryPoint","urlTemplate":"https:\/\/cgtcemp.fr\/?s={search_term_string}"},"query-input":"required name=search_term_string"}],"inLanguage":"fr-FR"},{"@type":"Organization","@id":"https:\/\/cgtcemp.fr\/#organization","name":"CGTCEMP","url":"https:\/\/cgtcemp.fr\/","logo":{"@type":"ImageObject","inLanguage":"fr-FR","@id":"https:\/\/cgtcemp.fr\/#\/schema\/logo\/image\/","url":"https:\/\/cgtcemp.fr\/wp-content\/uploads\/2019\/05\/unnamed.png","contentUrl":"https:\/\/cgtcemp.fr\/wp-content\/uploads\/2019\/05\/unnamed.png","width":237,"height":162,"caption":"CGTCEMP"},"image":{"@id":"https:\/\/cgtcemp.fr\/#\/schema\/logo\/image\/"},"sameAs":["https:\/\/www.facebook.com\/cgt.cemp\/?ref=aymt_homepage_panel&amp;amp;amp;amp;amp;amp;amp;amp;amp;amp;amp;amp;amp;amp;amp;amp;amp;amp;amp;amp;amp;amp;amp;amp;amp;eid=ARBQr8XhOjp5Tq4trUkGP2Pa21bM89bHimJF7lyAgDrZ4-IMs61LsmU6wm7cAVLt_A6L-b9moydbo1xu","https:\/\/twitter.com\/CGTCEMP"]}]}},"_links":{"self":[{"href":"https:\/\/cgtcemp.fr\/index.php\/wp-json\/wp\/v2\/pages\/28"}],"collection":[{"href":"https:\/\/cgtcemp.fr\/index.php\/wp-json\/wp\/v2\/pages"}],"about":[{"href":"https:\/\/cgtcemp.fr\/index.php\/wp-json\/wp\/v2\/types\/page"}],"author":[{"embeddable":true,"href":"https:\/\/cgtcemp.fr\/index.php\/wp-json\/wp\/v2\/users\/6"}],"replies":[{"embeddable":true,"href":"https:\/\/cgtcemp.fr\/index.php\/wp-json\/wp\/v2\/comments?post=28"}],"version-history":[{"count":10,"href":"https:\/\/cgtcemp.fr\/index.php\/wp-json\/wp\/v2\/pages\/28\/revisions"}],"predecessor-version":[{"id":311,"href":"https:\/\/cgtcemp.fr\/index.php\/wp-json\/wp\/v2\/pages\/28\/revisions\/311"}],"wp:attachment":[{"href":"https:\/\/cgtcemp.fr\/index.php\/wp-json\/wp\/v2\/media?parent=28"}],"curies":[{"name":"wp","href":"https:\/\/api.w.org\/{rel}","templated":true}]}}