{"id":39,"date":"2016-07-23T18:39:57","date_gmt":"2016-07-23T16:39:57","guid":{"rendered":"http:\/\/cgtcemp.fr\/?page_id=39"},"modified":"2025-10-28T17:17:47","modified_gmt":"2025-10-28T16:17:47","slug":"accords-branche-caisse-depargne","status":"publish","type":"page","link":"https:\/\/cgtcemp.fr\/index.php\/accords\/accords-branche-caisse-depargne\/","title":{"rendered":"Accords de branche CE"},"content":{"rendered":"<p><strong>La branche Caisse d\u2019\u00e9pargne est int\u00e9gr\u00e9e depuis 2009 au groupe bancaire fran\u00e7ais BPCE, issu du rapprochement des Caisses d\u2019\u00e9pargne et des Banques Populaires.<\/strong><\/p>\n<p><strong>A ce jour, elle regroupe 17 Caisses d&rsquo;\u00e9pargne sur le territoire national.<\/strong><\/p>\n<p>Pour t\u00e9l\u00e9charger un accord, cliquez simplement sur ce dernier :<\/p>\n<ul>\n<li><a href=\"https:\/\/cgtcemp.fr\/wp-content\/uploads\/2016\/07\/Accord-Mobilit\u00e9-interentreprises-du-25-06-04.pdf\" target=\"_blank\" rel=\"noopener noreferrer\">Accord mobilit\u00e9 interentreprises<\/a><\/li>\n<\/ul>\n<ul>\n<li><a href=\"https:\/\/cgtcemp.fr\/wp-content\/uploads\/2016\/07\/conditions.pdf\" target=\"_blank\" rel=\"noopener noreferrer\">Accord conditions de travail<\/a><\/li>\n<\/ul>\n<ul>\n<li><a href=\"https:\/\/cgtcemp.fr\/wp-content\/uploads\/2016\/07\/Statut-du-personnel.pdf\" target=\"_blank\" rel=\"noopener noreferrer\">Statut du personnel<\/a><\/li>\n<\/ul>\n<ul>\n<li><a href=\"https:\/\/cgtcemp.fr\/wp-content\/uploads\/2016\/07\/Accord_collectif_national_sur_la_carriere_des_salaries_du_25_06_04.pdf\" target=\"_blank\" rel=\"noopener noreferrer\">Accord national carri\u00e8re<\/a><\/li>\n<li><a href=\"https:\/\/cgtcemp.fr\/wp-content\/uploads\/2016\/07\/Avenant-1-ACN-Carri\u00e8re-\u00e0-signature.pdf\" target=\"_blank\" rel=\"noopener noreferrer\">Avenant accord national carri\u00e8re<\/a>\u00a0(2016)<\/li>\n<\/ul>\n<ul>\n<li><a href=\"https:\/\/cgtcemp.fr\/wp-content\/uploads\/2025\/10\/ACCORD-NAO-CE-2025-vSIGNEE.pdf\" target=\"_blank\" rel=\"noopener noreferrer\">Accord national NAO<\/a> 2025<\/li>\n<\/ul>\n<ul>\n<li><a href=\"https:\/\/cgtcemp.fr\/wp-content\/uploads\/2016\/07\/Accord-sur-la-classification-des-emplois-du-30-09-03.pdf\" target=\"_blank\" rel=\"noopener noreferrer\">Accord national classification<\/a><\/li>\n<li><a href=\"https:\/\/cgtcemp.fr\/wp-content\/uploads\/2016\/07\/Avenant-ACN-Classification-\u00e0-signature.pdf\" target=\"_blank\" rel=\"noopener noreferrer\">Avenant accord national classification<\/a>\u00a0(2016)<\/li>\n<\/ul>\n\n<div class=\"twitter-share\"><a href=\"https:\/\/twitter.com\/intent\/tweet?via=cempcgt\" class=\"twitter-share-button\">Tweet<\/a><\/div>\n","protected":false},"excerpt":{"rendered":"La branche Caisse d\u2019\u00e9pargne est int\u00e9gr\u00e9e depuis 2009 au groupe bancaire fran\u00e7ais BPCE, issu du rapprochement des Caisses d\u2019\u00e9pargne et des Banques Populaires. A ce jour, elle regroupe 17 Caisses d&rsquo;\u00e9pargne sur le territoire national. Pour t\u00e9l\u00e9charger un accord, cliquez simplement sur ce dernier : Accord mobilit\u00e9 interentreprises Accord conditions de travail Statut du personnel Accord national carri\u00e8re Avenant accord national carri\u00e8re\u00a0(2016) Accord national NAO 2025 Accord national classification Avenant accord national classification\u00a0(2016)","protected":false},"author":6,"featured_media":0,"parent":22,"menu_order":1,"comment_status":"closed","ping_status":"closed","template":"","meta":{"_seopress_robots_primary_cat":""},"yoast_head":"<!-- This site is optimized with the Yoast SEO plugin v20.7 - https:\/\/yoast.com\/wordpress\/plugins\/seo\/ -->\n<title>Accords de branche CE &ndash; UGICT-CGT CEMP<\/title>\n<meta name=\"robots\" content=\"index, follow, max-snippet:-1, max-image-preview:large, max-video-preview:-1\" \/>\n<link rel=\"canonical\" href=\"https:\/\/cgtcemp.fr\/index.php\/accords\/accords-branche-caisse-depargne\/\" \/>\n<meta property=\"og:locale\" content=\"fr_FR\" \/>\n<meta property=\"og:type\" content=\"article\" \/>\n<meta property=\"og:title\" content=\"Accords de branche CE &ndash; UGICT-CGT CEMP\" \/>\n<meta property=\"og:description\" content=\"La branche Caisse d\u2019\u00e9pargne est int\u00e9gr\u00e9e depuis 2009 au groupe bancaire fran\u00e7ais BPCE, issu du rapprochement des Caisses d\u2019\u00e9pargne et des Banques Populaires. A ce jour, elle regroupe 17 Caisses d&rsquo;\u00e9pargne sur le territoire national. Pour t\u00e9l\u00e9charger un accord, cliquez simplement sur ce dernier : Accord mobilit\u00e9 interentreprises Accord conditions de travail Statut du personnel Accord national carri\u00e8re Avenant accord national carri\u00e8re\u00a0(2016) Accord national NAO 2025 Accord national classification Avenant accord national classification\u00a0(2016)\" \/>\n<meta property=\"og:url\" content=\"https:\/\/cgtcemp.fr\/index.php\/accords\/accords-branche-caisse-depargne\/\" \/>\n<meta property=\"og:site_name\" content=\"UGICT-CGT CEMP\" \/>\n<meta property=\"article:publisher\" content=\"https:\/\/www.facebook.com\/cgt.cemp\/?ref=aymt_homepage_panel&amp;amp%3bamp%3bamp%3bamp%3bamp%3bamp%3bamp%3bamp%3bamp%3bamp%3bamp%3bamp%3bamp%3bamp%3bamp%3bamp%3bamp%3bamp%3bamp%3bamp%3bamp%3bamp%3bamp%3bamp%3bamp%3beid=ARBQr8XhOjp5Tq4trUkGP2Pa21bM89bHimJF7lyAgDrZ4-IMs61LsmU6wm7cAVLt_A6L-b9moydbo1xu\" \/>\n<meta property=\"article:modified_time\" content=\"2025-10-28T16:17:47+00:00\" \/>\n<meta name=\"twitter:card\" content=\"summary_large_image\" \/>\n<meta name=\"twitter:site\" content=\"@CGTCEMP\" \/>\n<meta name=\"twitter:label1\" content=\"Dur\u00e9e de lecture estim\u00e9e\" \/>\n\t<meta name=\"twitter:data1\" content=\"1 minute\" \/>\n<script type=\"application\/ld+json\" class=\"yoast-schema-graph\">{\"@context\":\"https:\/\/schema.org\",\"@graph\":[{\"@type\":\"WebPage\",\"@id\":\"https:\/\/cgtcemp.fr\/index.php\/accords\/accords-branche-caisse-depargne\/\",\"url\":\"https:\/\/cgtcemp.fr\/index.php\/accords\/accords-branche-caisse-depargne\/\",\"name\":\"Accords de branche CE &ndash; UGICT-CGT CEMP\",\"isPartOf\":{\"@id\":\"https:\/\/cgtcemp.fr\/#website\"},\"datePublished\":\"2016-07-23T16:39:57+00:00\",\"dateModified\":\"2025-10-28T16:17:47+00:00\",\"breadcrumb\":{\"@id\":\"https:\/\/cgtcemp.fr\/index.php\/accords\/accords-branche-caisse-depargne\/#breadcrumb\"},\"inLanguage\":\"fr-FR\",\"potentialAction\":[{\"@type\":\"ReadAction\",\"target\":[\"https:\/\/cgtcemp.fr\/index.php\/accords\/accords-branche-caisse-depargne\/\"]}]},{\"@type\":\"BreadcrumbList\",\"@id\":\"https:\/\/cgtcemp.fr\/index.php\/accords\/accords-branche-caisse-depargne\/#breadcrumb\",\"itemListElement\":[{\"@type\":\"ListItem\",\"position\":1,\"name\":\"Accueil\",\"item\":\"https:\/\/cgtcemp.fr\/\"},{\"@type\":\"ListItem\",\"position\":2,\"name\":\"Accords\",\"item\":\"https:\/\/cgtcemp.fr\/index.php\/accords\/\"},{\"@type\":\"ListItem\",\"position\":3,\"name\":\"Accords de branche CE\"}]},{\"@type\":\"WebSite\",\"@id\":\"https:\/\/cgtcemp.fr\/#website\",\"url\":\"https:\/\/cgtcemp.fr\/\",\"name\":\"UGICT-CGT CEMP\",\"description\":\"Syndicat Cadres et Techniciens de la Caisse d&#039;Epargne Midi-Pyr\u00e9n\u00e9es\",\"publisher\":{\"@id\":\"https:\/\/cgtcemp.fr\/#organization\"},\"potentialAction\":[{\"@type\":\"SearchAction\",\"target\":{\"@type\":\"EntryPoint\",\"urlTemplate\":\"https:\/\/cgtcemp.fr\/?s={search_term_string}\"},\"query-input\":\"required name=search_term_string\"}],\"inLanguage\":\"fr-FR\"},{\"@type\":\"Organization\",\"@id\":\"https:\/\/cgtcemp.fr\/#organization\",\"name\":\"CGTCEMP\",\"url\":\"https:\/\/cgtcemp.fr\/\",\"logo\":{\"@type\":\"ImageObject\",\"inLanguage\":\"fr-FR\",\"@id\":\"https:\/\/cgtcemp.fr\/#\/schema\/logo\/image\/\",\"url\":\"https:\/\/cgtcemp.fr\/wp-content\/uploads\/2019\/05\/unnamed.png\",\"contentUrl\":\"https:\/\/cgtcemp.fr\/wp-content\/uploads\/2019\/05\/unnamed.png\",\"width\":237,\"height\":162,\"caption\":\"CGTCEMP\"},\"image\":{\"@id\":\"https:\/\/cgtcemp.fr\/#\/schema\/logo\/image\/\"},\"sameAs\":[\"https:\/\/www.facebook.com\/cgt.cemp\/?ref=aymt_homepage_panel&amp;amp;amp;amp;amp;amp;amp;amp;amp;amp;amp;amp;amp;amp;amp;amp;amp;amp;amp;amp;amp;amp;amp;amp;amp;eid=ARBQr8XhOjp5Tq4trUkGP2Pa21bM89bHimJF7lyAgDrZ4-IMs61LsmU6wm7cAVLt_A6L-b9moydbo1xu\",\"https:\/\/twitter.com\/CGTCEMP\"]}]}<\/script>\n<!-- \/ Yoast SEO plugin. -->","yoast_head_json":{"title":"Accords de branche CE &ndash; UGICT-CGT CEMP","robots":{"index":"index","follow":"follow","max-snippet":"max-snippet:-1","max-image-preview":"max-image-preview:large","max-video-preview":"max-video-preview:-1"},"canonical":"https:\/\/cgtcemp.fr\/index.php\/accords\/accords-branche-caisse-depargne\/","og_locale":"fr_FR","og_type":"article","og_title":"Accords de branche CE &ndash; UGICT-CGT CEMP","og_description":"La branche Caisse d\u2019\u00e9pargne est int\u00e9gr\u00e9e depuis 2009 au groupe bancaire fran\u00e7ais BPCE, issu du rapprochement des Caisses d\u2019\u00e9pargne et des Banques Populaires. A ce jour, elle regroupe 17 Caisses d&rsquo;\u00e9pargne sur le territoire national. Pour t\u00e9l\u00e9charger un accord, cliquez simplement sur ce dernier : Accord mobilit\u00e9 interentreprises Accord conditions de travail Statut du personnel Accord national carri\u00e8re Avenant accord national carri\u00e8re\u00a0(2016) Accord national NAO 2025 Accord national classification Avenant accord national classification\u00a0(2016)","og_url":"https:\/\/cgtcemp.fr\/index.php\/accords\/accords-branche-caisse-depargne\/","og_site_name":"UGICT-CGT CEMP","article_publisher":"https:\/\/www.facebook.com\/cgt.cemp\/?ref=aymt_homepage_panel&amp%3bamp%3bamp%3bamp%3bamp%3bamp%3bamp%3bamp%3bamp%3bamp%3bamp%3bamp%3bamp%3bamp%3bamp%3bamp%3bamp%3bamp%3bamp%3bamp%3bamp%3bamp%3bamp%3bamp%3bamp%3beid=ARBQr8XhOjp5Tq4trUkGP2Pa21bM89bHimJF7lyAgDrZ4-IMs61LsmU6wm7cAVLt_A6L-b9moydbo1xu","article_modified_time":"2025-10-28T16:17:47+00:00","twitter_card":"summary_large_image","twitter_site":"@CGTCEMP","twitter_misc":{"Dur\u00e9e de lecture estim\u00e9e":"1 minute"},"schema":{"@context":"https:\/\/schema.org","@graph":[{"@type":"WebPage","@id":"https:\/\/cgtcemp.fr\/index.php\/accords\/accords-branche-caisse-depargne\/","url":"https:\/\/cgtcemp.fr\/index.php\/accords\/accords-branche-caisse-depargne\/","name":"Accords de branche CE &ndash; UGICT-CGT CEMP","isPartOf":{"@id":"https:\/\/cgtcemp.fr\/#website"},"datePublished":"2016-07-23T16:39:57+00:00","dateModified":"2025-10-28T16:17:47+00:00","breadcrumb":{"@id":"https:\/\/cgtcemp.fr\/index.php\/accords\/accords-branche-caisse-depargne\/#breadcrumb"},"inLanguage":"fr-FR","potentialAction":[{"@type":"ReadAction","target":["https:\/\/cgtcemp.fr\/index.php\/accords\/accords-branche-caisse-depargne\/"]}]},{"@type":"BreadcrumbList","@id":"https:\/\/cgtcemp.fr\/index.php\/accords\/accords-branche-caisse-depargne\/#breadcrumb","itemListElement":[{"@type":"ListItem","position":1,"name":"Accueil","item":"https:\/\/cgtcemp.fr\/"},{"@type":"ListItem","position":2,"name":"Accords","item":"https:\/\/cgtcemp.fr\/index.php\/accords\/"},{"@type":"ListItem","position":3,"name":"Accords de branche CE"}]},{"@type":"WebSite","@id":"https:\/\/cgtcemp.fr\/#website","url":"https:\/\/cgtcemp.fr\/","name":"UGICT-CGT CEMP","description":"Syndicat Cadres et Techniciens de la Caisse d&#039;Epargne Midi-Pyr\u00e9n\u00e9es","publisher":{"@id":"https:\/\/cgtcemp.fr\/#organization"},"potentialAction":[{"@type":"SearchAction","target":{"@type":"EntryPoint","urlTemplate":"https:\/\/cgtcemp.fr\/?s={search_term_string}"},"query-input":"required name=search_term_string"}],"inLanguage":"fr-FR"},{"@type":"Organization","@id":"https:\/\/cgtcemp.fr\/#organization","name":"CGTCEMP","url":"https:\/\/cgtcemp.fr\/","logo":{"@type":"ImageObject","inLanguage":"fr-FR","@id":"https:\/\/cgtcemp.fr\/#\/schema\/logo\/image\/","url":"https:\/\/cgtcemp.fr\/wp-content\/uploads\/2019\/05\/unnamed.png","contentUrl":"https:\/\/cgtcemp.fr\/wp-content\/uploads\/2019\/05\/unnamed.png","width":237,"height":162,"caption":"CGTCEMP"},"image":{"@id":"https:\/\/cgtcemp.fr\/#\/schema\/logo\/image\/"},"sameAs":["https:\/\/www.facebook.com\/cgt.cemp\/?ref=aymt_homepage_panel&amp;amp;amp;amp;amp;amp;amp;amp;amp;amp;amp;amp;amp;amp;amp;amp;amp;amp;amp;amp;amp;amp;amp;amp;amp;eid=ARBQr8XhOjp5Tq4trUkGP2Pa21bM89bHimJF7lyAgDrZ4-IMs61LsmU6wm7cAVLt_A6L-b9moydbo1xu","https:\/\/twitter.com\/CGTCEMP"]}]}},"_links":{"self":[{"href":"https:\/\/cgtcemp.fr\/index.php\/wp-json\/wp\/v2\/pages\/39"}],"collection":[{"href":"https:\/\/cgtcemp.fr\/index.php\/wp-json\/wp\/v2\/pages"}],"about":[{"href":"https:\/\/cgtcemp.fr\/index.php\/wp-json\/wp\/v2\/types\/page"}],"author":[{"embeddable":true,"href":"https:\/\/cgtcemp.fr\/index.php\/wp-json\/wp\/v2\/users\/6"}],"replies":[{"embeddable":true,"href":"https:\/\/cgtcemp.fr\/index.php\/wp-json\/wp\/v2\/comments?post=39"}],"version-history":[{"count":20,"href":"https:\/\/cgtcemp.fr\/index.php\/wp-json\/wp\/v2\/pages\/39\/revisions"}],"predecessor-version":[{"id":4730,"href":"https:\/\/cgtcemp.fr\/index.php\/wp-json\/wp\/v2\/pages\/39\/revisions\/4730"}],"up":[{"embeddable":true,"href":"https:\/\/cgtcemp.fr\/index.php\/wp-json\/wp\/v2\/pages\/22"}],"wp:attachment":[{"href":"https:\/\/cgtcemp.fr\/index.php\/wp-json\/wp\/v2\/media?parent=39"}],"curies":[{"name":"wp","href":"https:\/\/api.w.org\/{rel}","templated":true}]}}