{"id":51,"date":"2016-07-23T18:42:45","date_gmt":"2016-07-23T16:42:45","guid":{"rendered":"http:\/\/cgtcemp.fr\/?page_id=51"},"modified":"2017-04-20T15:18:15","modified_gmt":"2017-04-20T13:18:15","slug":"divers","status":"publish","type":"page","link":"https:\/\/cgtcemp.fr\/index.php\/divers\/","title":{"rendered":"Courriers type"},"content":{"rendered":"<p><strong>Vous trouverez dans cette rubrique des mod\u00e8les de courrier pour effectuer diff\u00e9rentes demandes aupr\u00e8s de l&#8217;employeur.<\/strong><\/p>\n<ul>\n<li><a href=\"https:\/\/cgtcemp.fr\/wp-content\/uploads\/2016\/07\/Cong\u00e9-convenance-personnelle.docx\">Cong\u00e9 pour convenance personnelle<\/a><\/li>\n<li><a href=\"https:\/\/cgtcemp.fr\/wp-content\/uploads\/2016\/07\/Demande-CIF.docx\" target=\"_blank\">Cong\u00e9 individuel de formation<\/a><\/li>\n<li><a href=\"https:\/\/cgtcemp.fr\/wp-content\/uploads\/2016\/07\/Cong\u00e9-\u00e0-retenue-diff\u00e9r\u00e9-.docx\">Cong\u00e9 \u00e0 retenue diff\u00e9r\u00e9e<\/a><\/li>\n<li><a href=\"https:\/\/cgtcemp.fr\/wp-content\/uploads\/2016\/07\/Demande-temps-partiel-fin-de-carri\u00e8re.docx\">Temps partiel fin de carri\u00e8re<\/a><\/li>\n<li><a href=\"https:\/\/cgtcemp.fr\/wp-content\/uploads\/2016\/07\/Courrier-mesures-femmes-enceintes.docx\">Mesure femmes enceintes<\/a><\/li>\n<li><a href=\"https:\/\/cgtcemp.fr\/wp-content\/uploads\/2016\/07\/Demande-dispense-mutuelle.pdf\" target=\"_blank\">Demande de dispense mutuelle<\/a><\/li>\n<li><a href=\"https:\/\/cgtcemp.fr\/wp-content\/uploads\/2016\/07\/Cong\u00e9-allaitement.docx\" target=\"_blank\">Demande de cong\u00e9 allaitement<\/a><\/li>\n<\/ul>\n\n<div class=\"twitter-share\"><a href=\"https:\/\/twitter.com\/intent\/tweet?via=cempcgt\" class=\"twitter-share-button\">Tweet<\/a><\/div>\n","protected":false},"excerpt":{"rendered":"Vous trouverez dans cette rubrique des mod\u00e8les de courrier pour effectuer diff\u00e9rentes demandes aupr\u00e8s de l&#8217;employeur. Cong\u00e9 pour convenance personnelle Cong\u00e9 individuel de formation Cong\u00e9 \u00e0 retenue diff\u00e9r\u00e9e Temps partiel fin de carri\u00e8re Mesure femmes enceintes Demande de dispense mutuelle Demande de cong\u00e9 allaitement","protected":false},"author":6,"featured_media":0,"parent":0,"menu_order":0,"comment_status":"closed","ping_status":"closed","template":"","meta":{"_seopress_robots_primary_cat":""},"yoast_head":"<!-- This site is optimized with the Yoast SEO plugin v20.7 - https:\/\/yoast.com\/wordpress\/plugins\/seo\/ -->\n<title>Courriers type &ndash; UGICT-CGT CEMP<\/title>\n<meta name=\"robots\" content=\"index, follow, max-snippet:-1, max-image-preview:large, max-video-preview:-1\" \/>\n<link rel=\"canonical\" href=\"https:\/\/cgtcemp.fr\/index.php\/divers\/\" \/>\n<meta property=\"og:locale\" content=\"fr_FR\" \/>\n<meta property=\"og:type\" content=\"article\" \/>\n<meta property=\"og:title\" content=\"Courriers type &ndash; UGICT-CGT CEMP\" \/>\n<meta property=\"og:description\" content=\"Vous trouverez dans cette rubrique des mod\u00e8les de courrier pour effectuer diff\u00e9rentes demandes aupr\u00e8s de l&#8217;employeur. Cong\u00e9 pour convenance personnelle Cong\u00e9 individuel de formation Cong\u00e9 \u00e0 retenue diff\u00e9r\u00e9e Temps partiel fin de carri\u00e8re Mesure femmes enceintes Demande de dispense mutuelle Demande de cong\u00e9 allaitement\" \/>\n<meta property=\"og:url\" content=\"https:\/\/cgtcemp.fr\/index.php\/divers\/\" \/>\n<meta property=\"og:site_name\" content=\"UGICT-CGT CEMP\" \/>\n<meta property=\"article:publisher\" content=\"https:\/\/www.facebook.com\/cgt.cemp\/?ref=aymt_homepage_panel&amp;amp%3bamp%3bamp%3bamp%3bamp%3bamp%3bamp%3bamp%3bamp%3bamp%3bamp%3bamp%3bamp%3bamp%3bamp%3bamp%3bamp%3bamp%3bamp%3bamp%3bamp%3bamp%3bamp%3bamp%3bamp%3beid=ARBQr8XhOjp5Tq4trUkGP2Pa21bM89bHimJF7lyAgDrZ4-IMs61LsmU6wm7cAVLt_A6L-b9moydbo1xu\" \/>\n<meta property=\"article:modified_time\" content=\"2017-04-20T13:18:15+00:00\" \/>\n<meta name=\"twitter:card\" content=\"summary_large_image\" \/>\n<meta name=\"twitter:site\" content=\"@CGTCEMP\" \/>\n<script type=\"application\/ld+json\" class=\"yoast-schema-graph\">{\"@context\":\"https:\/\/schema.org\",\"@graph\":[{\"@type\":\"WebPage\",\"@id\":\"https:\/\/cgtcemp.fr\/index.php\/divers\/\",\"url\":\"https:\/\/cgtcemp.fr\/index.php\/divers\/\",\"name\":\"Courriers type &ndash; UGICT-CGT CEMP\",\"isPartOf\":{\"@id\":\"https:\/\/cgtcemp.fr\/#website\"},\"datePublished\":\"2016-07-23T16:42:45+00:00\",\"dateModified\":\"2017-04-20T13:18:15+00:00\",\"breadcrumb\":{\"@id\":\"https:\/\/cgtcemp.fr\/index.php\/divers\/#breadcrumb\"},\"inLanguage\":\"fr-FR\",\"potentialAction\":[{\"@type\":\"ReadAction\",\"target\":[\"https:\/\/cgtcemp.fr\/index.php\/divers\/\"]}]},{\"@type\":\"BreadcrumbList\",\"@id\":\"https:\/\/cgtcemp.fr\/index.php\/divers\/#breadcrumb\",\"itemListElement\":[{\"@type\":\"ListItem\",\"position\":1,\"name\":\"Accueil\",\"item\":\"https:\/\/cgtcemp.fr\/\"},{\"@type\":\"ListItem\",\"position\":2,\"name\":\"Courriers type\"}]},{\"@type\":\"WebSite\",\"@id\":\"https:\/\/cgtcemp.fr\/#website\",\"url\":\"https:\/\/cgtcemp.fr\/\",\"name\":\"UGICT-CGT CEMP\",\"description\":\"Syndicat Cadres et Techniciens de la Caisse d&#039;Epargne Midi-Pyr\u00e9n\u00e9es\",\"publisher\":{\"@id\":\"https:\/\/cgtcemp.fr\/#organization\"},\"potentialAction\":[{\"@type\":\"SearchAction\",\"target\":{\"@type\":\"EntryPoint\",\"urlTemplate\":\"https:\/\/cgtcemp.fr\/?s={search_term_string}\"},\"query-input\":\"required name=search_term_string\"}],\"inLanguage\":\"fr-FR\"},{\"@type\":\"Organization\",\"@id\":\"https:\/\/cgtcemp.fr\/#organization\",\"name\":\"CGTCEMP\",\"url\":\"https:\/\/cgtcemp.fr\/\",\"logo\":{\"@type\":\"ImageObject\",\"inLanguage\":\"fr-FR\",\"@id\":\"https:\/\/cgtcemp.fr\/#\/schema\/logo\/image\/\",\"url\":\"https:\/\/cgtcemp.fr\/wp-content\/uploads\/2019\/05\/unnamed.png\",\"contentUrl\":\"https:\/\/cgtcemp.fr\/wp-content\/uploads\/2019\/05\/unnamed.png\",\"width\":237,\"height\":162,\"caption\":\"CGTCEMP\"},\"image\":{\"@id\":\"https:\/\/cgtcemp.fr\/#\/schema\/logo\/image\/\"},\"sameAs\":[\"https:\/\/www.facebook.com\/cgt.cemp\/?ref=aymt_homepage_panel&amp;amp;amp;amp;amp;amp;amp;amp;amp;amp;amp;amp;amp;amp;amp;amp;amp;amp;amp;amp;amp;amp;amp;amp;amp;eid=ARBQr8XhOjp5Tq4trUkGP2Pa21bM89bHimJF7lyAgDrZ4-IMs61LsmU6wm7cAVLt_A6L-b9moydbo1xu\",\"https:\/\/twitter.com\/CGTCEMP\"]}]}<\/script>\n<!-- \/ Yoast SEO plugin. -->","yoast_head_json":{"title":"Courriers type &ndash; UGICT-CGT CEMP","robots":{"index":"index","follow":"follow","max-snippet":"max-snippet:-1","max-image-preview":"max-image-preview:large","max-video-preview":"max-video-preview:-1"},"canonical":"https:\/\/cgtcemp.fr\/index.php\/divers\/","og_locale":"fr_FR","og_type":"article","og_title":"Courriers type &ndash; UGICT-CGT CEMP","og_description":"Vous trouverez dans cette rubrique des mod\u00e8les de courrier pour effectuer diff\u00e9rentes demandes aupr\u00e8s de l&#8217;employeur. Cong\u00e9 pour convenance personnelle Cong\u00e9 individuel de formation Cong\u00e9 \u00e0 retenue diff\u00e9r\u00e9e Temps partiel fin de carri\u00e8re Mesure femmes enceintes Demande de dispense mutuelle Demande de cong\u00e9 allaitement","og_url":"https:\/\/cgtcemp.fr\/index.php\/divers\/","og_site_name":"UGICT-CGT CEMP","article_publisher":"https:\/\/www.facebook.com\/cgt.cemp\/?ref=aymt_homepage_panel&amp%3bamp%3bamp%3bamp%3bamp%3bamp%3bamp%3bamp%3bamp%3bamp%3bamp%3bamp%3bamp%3bamp%3bamp%3bamp%3bamp%3bamp%3bamp%3bamp%3bamp%3bamp%3bamp%3bamp%3bamp%3beid=ARBQr8XhOjp5Tq4trUkGP2Pa21bM89bHimJF7lyAgDrZ4-IMs61LsmU6wm7cAVLt_A6L-b9moydbo1xu","article_modified_time":"2017-04-20T13:18:15+00:00","twitter_card":"summary_large_image","twitter_site":"@CGTCEMP","schema":{"@context":"https:\/\/schema.org","@graph":[{"@type":"WebPage","@id":"https:\/\/cgtcemp.fr\/index.php\/divers\/","url":"https:\/\/cgtcemp.fr\/index.php\/divers\/","name":"Courriers type &ndash; UGICT-CGT CEMP","isPartOf":{"@id":"https:\/\/cgtcemp.fr\/#website"},"datePublished":"2016-07-23T16:42:45+00:00","dateModified":"2017-04-20T13:18:15+00:00","breadcrumb":{"@id":"https:\/\/cgtcemp.fr\/index.php\/divers\/#breadcrumb"},"inLanguage":"fr-FR","potentialAction":[{"@type":"ReadAction","target":["https:\/\/cgtcemp.fr\/index.php\/divers\/"]}]},{"@type":"BreadcrumbList","@id":"https:\/\/cgtcemp.fr\/index.php\/divers\/#breadcrumb","itemListElement":[{"@type":"ListItem","position":1,"name":"Accueil","item":"https:\/\/cgtcemp.fr\/"},{"@type":"ListItem","position":2,"name":"Courriers type"}]},{"@type":"WebSite","@id":"https:\/\/cgtcemp.fr\/#website","url":"https:\/\/cgtcemp.fr\/","name":"UGICT-CGT CEMP","description":"Syndicat Cadres et Techniciens de la Caisse d&#039;Epargne Midi-Pyr\u00e9n\u00e9es","publisher":{"@id":"https:\/\/cgtcemp.fr\/#organization"},"potentialAction":[{"@type":"SearchAction","target":{"@type":"EntryPoint","urlTemplate":"https:\/\/cgtcemp.fr\/?s={search_term_string}"},"query-input":"required name=search_term_string"}],"inLanguage":"fr-FR"},{"@type":"Organization","@id":"https:\/\/cgtcemp.fr\/#organization","name":"CGTCEMP","url":"https:\/\/cgtcemp.fr\/","logo":{"@type":"ImageObject","inLanguage":"fr-FR","@id":"https:\/\/cgtcemp.fr\/#\/schema\/logo\/image\/","url":"https:\/\/cgtcemp.fr\/wp-content\/uploads\/2019\/05\/unnamed.png","contentUrl":"https:\/\/cgtcemp.fr\/wp-content\/uploads\/2019\/05\/unnamed.png","width":237,"height":162,"caption":"CGTCEMP"},"image":{"@id":"https:\/\/cgtcemp.fr\/#\/schema\/logo\/image\/"},"sameAs":["https:\/\/www.facebook.com\/cgt.cemp\/?ref=aymt_homepage_panel&amp;amp;amp;amp;amp;amp;amp;amp;amp;amp;amp;amp;amp;amp;amp;amp;amp;amp;amp;amp;amp;amp;amp;amp;amp;eid=ARBQr8XhOjp5Tq4trUkGP2Pa21bM89bHimJF7lyAgDrZ4-IMs61LsmU6wm7cAVLt_A6L-b9moydbo1xu","https:\/\/twitter.com\/CGTCEMP"]}]}},"_links":{"self":[{"href":"https:\/\/cgtcemp.fr\/index.php\/wp-json\/wp\/v2\/pages\/51"}],"collection":[{"href":"https:\/\/cgtcemp.fr\/index.php\/wp-json\/wp\/v2\/pages"}],"about":[{"href":"https:\/\/cgtcemp.fr\/index.php\/wp-json\/wp\/v2\/types\/page"}],"author":[{"embeddable":true,"href":"https:\/\/cgtcemp.fr\/index.php\/wp-json\/wp\/v2\/users\/6"}],"replies":[{"embeddable":true,"href":"https:\/\/cgtcemp.fr\/index.php\/wp-json\/wp\/v2\/comments?post=51"}],"version-history":[{"count":30,"href":"https:\/\/cgtcemp.fr\/index.php\/wp-json\/wp\/v2\/pages\/51\/revisions"}],"predecessor-version":[{"id":587,"href":"https:\/\/cgtcemp.fr\/index.php\/wp-json\/wp\/v2\/pages\/51\/revisions\/587"}],"wp:attachment":[{"href":"https:\/\/cgtcemp.fr\/index.php\/wp-json\/wp\/v2\/media?parent=51"}],"curies":[{"name":"wp","href":"https:\/\/api.w.org\/{rel}","templated":true}]}}