{"id":65,"date":"2016-07-23T18:45:26","date_gmt":"2016-07-23T16:45:26","guid":{"rendered":"http:\/\/cgtcemp.fr\/?page_id=65"},"modified":"2017-07-10T15:34:05","modified_gmt":"2017-07-10T13:34:05","slug":"la-retraite","status":"publish","type":"page","link":"https:\/\/cgtcemp.fr\/index.php\/la-retraite\/","title":{"rendered":"La retraite"},"content":{"rendered":"<p><strong>En tant que salari\u00e9 de la caisse d\u2019\u00e9pargne, vous b\u00e9n\u00e9ficiez de diff\u00e9rents niveaux de retraite au moment de votre d\u00e9part. Vous devez effectuer un certain nombre de d\u00e9marches pr\u00e9alables, notamment aupr\u00e8s des trois institutions suivantes.<\/strong><\/p>\n<p>&nbsp;<\/p>\n<ol>\n<li><strong>Niveau : La retraite de base du r\u00e9gime g\u00e9n\u00e9ral de la S\u00e9curit\u00e9 sociale<\/strong><\/li>\n<\/ol>\n<p>Vous recevez \u00e0 diff\u00e9rentes \u00e9tapes de votre vie un relev\u00e9 de carri\u00e8re o\u00f9 vous retrouvez toutes les informations n\u00e9cessaires pour liquider votre retraite de base du r\u00e9gime g\u00e9n\u00e9ral de la S\u00e9curit\u00e9 sociale.<\/p>\n<p>Vous pouvez retrouver vos informations sur votre compte retraite : relev\u00e9 de situation individuelle, estimations&#8230;sur : <a href=\"http:\/\/www.info-retraite.fr\" target=\"_blank\" rel=\"noopener\">www.info-retraite.fr<\/a><\/p>\n<p>&nbsp;<\/p>\n<ol start=\"2\">\n<li><strong> \u00a0Niveau : La retraite compl\u00e9mentaire des salari\u00e9s<\/strong><\/li>\n<\/ol>\n<p>En tant que salari\u00e9 du secteur priv\u00e9, vous avez cotis\u00e9 aupr\u00e8s d\u2019une caisse de retraite Arrco (Association pour le r\u00e9gime de retraite compl\u00e9mentaire des salari\u00e9s), et si vous \u00e9tiez cadre, aupr\u00e8s d\u2019une caisse de retraite Agirc (Association g\u00e9n\u00e9rale des institutions de retraite compl\u00e9mentaire des cadres).<\/p>\n<p>La retraite Arrco ou Agirc est compl\u00e9mentaire \u00e0 la retraite de base vers\u00e9e par la S\u00e9curit\u00e9 sociale. L&rsquo;organisme qui g\u00e8re les retraites compl\u00e9mentaires pour les salari\u00e9s de la CEMP est le groupe HUMANIS.<\/p>\n<p>HUMANIS : Rue du 19 Mars 62\u00a0\u00a0 BP 40208 ACHICOURT\u00a0 62004 ARRAS Cedex\u00a0 T\u00e9l : 0969 39 29 25<\/p>\n<p>Site : <a href=\"https:\/\/humanis.com\/particulier\/retraite-complementaire\/\" target=\"_blank\" rel=\"noopener\">Retraite compl\u00e9mentaire<\/a><\/p>\n<p>&nbsp;<\/p>\n<ol start=\"3\">\n<li><strong> \u00a0 Niveau : La retraite compl\u00e9mentaire et suppl\u00e9mentaire des salari\u00e9s des entreprises adh\u00e9rentes \u00e0 la Caisse G\u00e9n\u00e9rale de Pr\u00e9voyance des Caisses d\u2019Epargne (CGP)<\/strong><\/li>\n<\/ol>\n<p>En fonction de votre date d\u2019entr\u00e9e dans l\u2019entreprise adh\u00e9rente \u00e0 la CGP, la composition de votre retraite compl\u00e9mentaire CGP\u00a0(ou maintien de droits) et de votre retraite suppl\u00e9mentaire peut \u00eatre diff\u00e9rente.<\/p>\n<p>Voir le site de Ensemble protection sociale :\u00a0<a href=\"https:\/\/www.ensembleprotectionsociale.fr\/retraite.aspx\" target=\"_blank\" rel=\"noopener\">Retraite BPCE<\/a><\/p>\n<p>Votre syndicat peut, \u00e0 l\u2019aide des documents n\u00e9cessaires, vous \u00e9tablir une estimation de votre retraite globale. Contactez nous.<\/p>\n<p>&nbsp;<\/p>\n<p><strong>Le d\u00e9part \u00e0 la retraite :<\/strong><\/p>\n<p>Le d\u00e9part \u00e0 la retraite n\u2019est jamais automatique. Il faut que vous d\u00e9cidiez volontairement de partir \u00e0 la retraite ou que l\u2019employeur prenne l\u2019initiative de vous mettre \u00e0 la retraite.<\/p>\n<p>&nbsp;<\/p>\n<p><em>\u0097<strong>L\u2019indemnit\u00e9 de d\u00e9part \u00e0 la retraite : (Art 80 bis du statut)<\/strong><\/em><\/p>\n<p>Dans les caisses d\u2019\u00e9pargne, il est vers\u00e9 aux agents comptant au moins 15 ans d\u2019anciennet\u00e9 au moment de leur d\u00e9part en retraite une indemnit\u00e9 \u00e9gale \u00e0 6 % du traitement mensuel par ann\u00e9e de service effectu\u00e9e dans les entreprises du r\u00e9seau et jusqu\u2019\u00e0 concurrence d\u2019un maximum de 40 annuit\u00e9s. Le traitement mensuel pris en consid\u00e9ration\u00a0est \u00e9gal au douzi\u00e8me de la r\u00e9mun\u00e9ration totale des 12 derniers mois \u00e9coul\u00e9s.<\/p>\n\n<div class=\"twitter-share\"><a href=\"https:\/\/twitter.com\/intent\/tweet?via=cempcgt\" class=\"twitter-share-button\">Tweet<\/a><\/div>\n","protected":false},"excerpt":{"rendered":"En tant que salari\u00e9 de la caisse d\u2019\u00e9pargne, vous b\u00e9n\u00e9ficiez de diff\u00e9rents niveaux de retraite au moment de votre d\u00e9part. Vous devez effectuer un certain nombre de d\u00e9marches pr\u00e9alables, notamment aupr\u00e8s des trois institutions suivantes. &nbsp; Niveau : La retraite de base du r\u00e9gime g\u00e9n\u00e9ral de la S\u00e9curit\u00e9 sociale Vous recevez \u00e0 diff\u00e9rentes \u00e9tapes de votre vie un relev\u00e9 de carri\u00e8re o\u00f9 vous retrouvez toutes les informations n\u00e9cessaires pour liquider votre retraite de base du r\u00e9gime g\u00e9n\u00e9ral de la S\u00e9curit\u00e9 sociale. Vous pouvez retrouver vos informations sur votre compte retraite : relev\u00e9 de situation individuelle, estimations&#8230;sur : www.info-retraite.fr &nbsp; \u00a0Niveau : La retraite compl\u00e9mentaire des salari\u00e9s En tant que salari\u00e9 du secteur priv\u00e9, vous avez cotis\u00e9 aupr\u00e8s d\u2019une caisse de ","protected":false},"author":6,"featured_media":0,"parent":0,"menu_order":0,"comment_status":"closed","ping_status":"closed","template":"","meta":{"_seopress_robots_primary_cat":""},"yoast_head":"<!-- This site is optimized with the Yoast SEO plugin v20.7 - https:\/\/yoast.com\/wordpress\/plugins\/seo\/ -->\n<title>La retraite &ndash; UGICT-CGT CEMP<\/title>\n<meta name=\"robots\" content=\"index, follow, max-snippet:-1, max-image-preview:large, max-video-preview:-1\" \/>\n<link rel=\"canonical\" href=\"https:\/\/cgtcemp.fr\/index.php\/la-retraite\/\" \/>\n<meta property=\"og:locale\" content=\"fr_FR\" \/>\n<meta property=\"og:type\" content=\"article\" \/>\n<meta property=\"og:title\" content=\"La retraite &ndash; UGICT-CGT CEMP\" \/>\n<meta property=\"og:description\" content=\"En tant que salari\u00e9 de la caisse d\u2019\u00e9pargne, vous b\u00e9n\u00e9ficiez de diff\u00e9rents niveaux de retraite au moment de votre d\u00e9part. Vous devez effectuer un certain nombre de d\u00e9marches pr\u00e9alables, notamment aupr\u00e8s des trois institutions suivantes. &nbsp; Niveau : La retraite de base du r\u00e9gime g\u00e9n\u00e9ral de la S\u00e9curit\u00e9 sociale Vous recevez \u00e0 diff\u00e9rentes \u00e9tapes de votre vie un relev\u00e9 de carri\u00e8re o\u00f9 vous retrouvez toutes les informations n\u00e9cessaires pour liquider votre retraite de base du r\u00e9gime g\u00e9n\u00e9ral de la S\u00e9curit\u00e9 sociale. Vous pouvez retrouver vos informations sur votre compte retraite : relev\u00e9 de situation individuelle, estimations&#8230;sur : www.info-retraite.fr &nbsp; \u00a0Niveau : La retraite compl\u00e9mentaire des salari\u00e9s En tant que salari\u00e9 du secteur priv\u00e9, vous avez cotis\u00e9 aupr\u00e8s d\u2019une caisse de\" \/>\n<meta property=\"og:url\" content=\"https:\/\/cgtcemp.fr\/index.php\/la-retraite\/\" \/>\n<meta property=\"og:site_name\" content=\"UGICT-CGT CEMP\" \/>\n<meta property=\"article:publisher\" content=\"https:\/\/www.facebook.com\/cgt.cemp\/?ref=aymt_homepage_panel&amp;amp%3bamp%3bamp%3bamp%3bamp%3bamp%3bamp%3bamp%3bamp%3bamp%3bamp%3bamp%3bamp%3bamp%3bamp%3bamp%3bamp%3bamp%3bamp%3bamp%3bamp%3bamp%3bamp%3bamp%3bamp%3beid=ARBQr8XhOjp5Tq4trUkGP2Pa21bM89bHimJF7lyAgDrZ4-IMs61LsmU6wm7cAVLt_A6L-b9moydbo1xu\" \/>\n<meta property=\"article:modified_time\" content=\"2017-07-10T13:34:05+00:00\" \/>\n<meta name=\"twitter:card\" content=\"summary_large_image\" \/>\n<meta name=\"twitter:site\" content=\"@CGTCEMP\" \/>\n<meta name=\"twitter:label1\" content=\"Dur\u00e9e de lecture estim\u00e9e\" \/>\n\t<meta name=\"twitter:data1\" content=\"2 minutes\" \/>\n<script type=\"application\/ld+json\" class=\"yoast-schema-graph\">{\"@context\":\"https:\/\/schema.org\",\"@graph\":[{\"@type\":\"WebPage\",\"@id\":\"https:\/\/cgtcemp.fr\/index.php\/la-retraite\/\",\"url\":\"https:\/\/cgtcemp.fr\/index.php\/la-retraite\/\",\"name\":\"La retraite &ndash; UGICT-CGT CEMP\",\"isPartOf\":{\"@id\":\"https:\/\/cgtcemp.fr\/#website\"},\"datePublished\":\"2016-07-23T16:45:26+00:00\",\"dateModified\":\"2017-07-10T13:34:05+00:00\",\"breadcrumb\":{\"@id\":\"https:\/\/cgtcemp.fr\/index.php\/la-retraite\/#breadcrumb\"},\"inLanguage\":\"fr-FR\",\"potentialAction\":[{\"@type\":\"ReadAction\",\"target\":[\"https:\/\/cgtcemp.fr\/index.php\/la-retraite\/\"]}]},{\"@type\":\"BreadcrumbList\",\"@id\":\"https:\/\/cgtcemp.fr\/index.php\/la-retraite\/#breadcrumb\",\"itemListElement\":[{\"@type\":\"ListItem\",\"position\":1,\"name\":\"Accueil\",\"item\":\"https:\/\/cgtcemp.fr\/\"},{\"@type\":\"ListItem\",\"position\":2,\"name\":\"La retraite\"}]},{\"@type\":\"WebSite\",\"@id\":\"https:\/\/cgtcemp.fr\/#website\",\"url\":\"https:\/\/cgtcemp.fr\/\",\"name\":\"UGICT-CGT CEMP\",\"description\":\"Syndicat Cadres et Techniciens de la Caisse d&#039;Epargne Midi-Pyr\u00e9n\u00e9es\",\"publisher\":{\"@id\":\"https:\/\/cgtcemp.fr\/#organization\"},\"potentialAction\":[{\"@type\":\"SearchAction\",\"target\":{\"@type\":\"EntryPoint\",\"urlTemplate\":\"https:\/\/cgtcemp.fr\/?s={search_term_string}\"},\"query-input\":\"required name=search_term_string\"}],\"inLanguage\":\"fr-FR\"},{\"@type\":\"Organization\",\"@id\":\"https:\/\/cgtcemp.fr\/#organization\",\"name\":\"CGTCEMP\",\"url\":\"https:\/\/cgtcemp.fr\/\",\"logo\":{\"@type\":\"ImageObject\",\"inLanguage\":\"fr-FR\",\"@id\":\"https:\/\/cgtcemp.fr\/#\/schema\/logo\/image\/\",\"url\":\"https:\/\/cgtcemp.fr\/wp-content\/uploads\/2019\/05\/unnamed.png\",\"contentUrl\":\"https:\/\/cgtcemp.fr\/wp-content\/uploads\/2019\/05\/unnamed.png\",\"width\":237,\"height\":162,\"caption\":\"CGTCEMP\"},\"image\":{\"@id\":\"https:\/\/cgtcemp.fr\/#\/schema\/logo\/image\/\"},\"sameAs\":[\"https:\/\/www.facebook.com\/cgt.cemp\/?ref=aymt_homepage_panel&amp;amp;amp;amp;amp;amp;amp;amp;amp;amp;amp;amp;amp;amp;amp;amp;amp;amp;amp;amp;amp;amp;amp;amp;amp;eid=ARBQr8XhOjp5Tq4trUkGP2Pa21bM89bHimJF7lyAgDrZ4-IMs61LsmU6wm7cAVLt_A6L-b9moydbo1xu\",\"https:\/\/twitter.com\/CGTCEMP\"]}]}<\/script>\n<!-- \/ Yoast SEO plugin. -->","yoast_head_json":{"title":"La retraite &ndash; UGICT-CGT CEMP","robots":{"index":"index","follow":"follow","max-snippet":"max-snippet:-1","max-image-preview":"max-image-preview:large","max-video-preview":"max-video-preview:-1"},"canonical":"https:\/\/cgtcemp.fr\/index.php\/la-retraite\/","og_locale":"fr_FR","og_type":"article","og_title":"La retraite &ndash; UGICT-CGT CEMP","og_description":"En tant que salari\u00e9 de la caisse d\u2019\u00e9pargne, vous b\u00e9n\u00e9ficiez de diff\u00e9rents niveaux de retraite au moment de votre d\u00e9part. Vous devez effectuer un certain nombre de d\u00e9marches pr\u00e9alables, notamment aupr\u00e8s des trois institutions suivantes. &nbsp; Niveau : La retraite de base du r\u00e9gime g\u00e9n\u00e9ral de la S\u00e9curit\u00e9 sociale Vous recevez \u00e0 diff\u00e9rentes \u00e9tapes de votre vie un relev\u00e9 de carri\u00e8re o\u00f9 vous retrouvez toutes les informations n\u00e9cessaires pour liquider votre retraite de base du r\u00e9gime g\u00e9n\u00e9ral de la S\u00e9curit\u00e9 sociale. Vous pouvez retrouver vos informations sur votre compte retraite : relev\u00e9 de situation individuelle, estimations&#8230;sur : www.info-retraite.fr &nbsp; \u00a0Niveau : La retraite compl\u00e9mentaire des salari\u00e9s En tant que salari\u00e9 du secteur priv\u00e9, vous avez cotis\u00e9 aupr\u00e8s d\u2019une caisse de","og_url":"https:\/\/cgtcemp.fr\/index.php\/la-retraite\/","og_site_name":"UGICT-CGT CEMP","article_publisher":"https:\/\/www.facebook.com\/cgt.cemp\/?ref=aymt_homepage_panel&amp%3bamp%3bamp%3bamp%3bamp%3bamp%3bamp%3bamp%3bamp%3bamp%3bamp%3bamp%3bamp%3bamp%3bamp%3bamp%3bamp%3bamp%3bamp%3bamp%3bamp%3bamp%3bamp%3bamp%3bamp%3beid=ARBQr8XhOjp5Tq4trUkGP2Pa21bM89bHimJF7lyAgDrZ4-IMs61LsmU6wm7cAVLt_A6L-b9moydbo1xu","article_modified_time":"2017-07-10T13:34:05+00:00","twitter_card":"summary_large_image","twitter_site":"@CGTCEMP","twitter_misc":{"Dur\u00e9e de lecture estim\u00e9e":"2 minutes"},"schema":{"@context":"https:\/\/schema.org","@graph":[{"@type":"WebPage","@id":"https:\/\/cgtcemp.fr\/index.php\/la-retraite\/","url":"https:\/\/cgtcemp.fr\/index.php\/la-retraite\/","name":"La retraite &ndash; UGICT-CGT CEMP","isPartOf":{"@id":"https:\/\/cgtcemp.fr\/#website"},"datePublished":"2016-07-23T16:45:26+00:00","dateModified":"2017-07-10T13:34:05+00:00","breadcrumb":{"@id":"https:\/\/cgtcemp.fr\/index.php\/la-retraite\/#breadcrumb"},"inLanguage":"fr-FR","potentialAction":[{"@type":"ReadAction","target":["https:\/\/cgtcemp.fr\/index.php\/la-retraite\/"]}]},{"@type":"BreadcrumbList","@id":"https:\/\/cgtcemp.fr\/index.php\/la-retraite\/#breadcrumb","itemListElement":[{"@type":"ListItem","position":1,"name":"Accueil","item":"https:\/\/cgtcemp.fr\/"},{"@type":"ListItem","position":2,"name":"La retraite"}]},{"@type":"WebSite","@id":"https:\/\/cgtcemp.fr\/#website","url":"https:\/\/cgtcemp.fr\/","name":"UGICT-CGT CEMP","description":"Syndicat Cadres et Techniciens de la Caisse d&#039;Epargne Midi-Pyr\u00e9n\u00e9es","publisher":{"@id":"https:\/\/cgtcemp.fr\/#organization"},"potentialAction":[{"@type":"SearchAction","target":{"@type":"EntryPoint","urlTemplate":"https:\/\/cgtcemp.fr\/?s={search_term_string}"},"query-input":"required name=search_term_string"}],"inLanguage":"fr-FR"},{"@type":"Organization","@id":"https:\/\/cgtcemp.fr\/#organization","name":"CGTCEMP","url":"https:\/\/cgtcemp.fr\/","logo":{"@type":"ImageObject","inLanguage":"fr-FR","@id":"https:\/\/cgtcemp.fr\/#\/schema\/logo\/image\/","url":"https:\/\/cgtcemp.fr\/wp-content\/uploads\/2019\/05\/unnamed.png","contentUrl":"https:\/\/cgtcemp.fr\/wp-content\/uploads\/2019\/05\/unnamed.png","width":237,"height":162,"caption":"CGTCEMP"},"image":{"@id":"https:\/\/cgtcemp.fr\/#\/schema\/logo\/image\/"},"sameAs":["https:\/\/www.facebook.com\/cgt.cemp\/?ref=aymt_homepage_panel&amp;amp;amp;amp;amp;amp;amp;amp;amp;amp;amp;amp;amp;amp;amp;amp;amp;amp;amp;amp;amp;amp;amp;amp;amp;eid=ARBQr8XhOjp5Tq4trUkGP2Pa21bM89bHimJF7lyAgDrZ4-IMs61LsmU6wm7cAVLt_A6L-b9moydbo1xu","https:\/\/twitter.com\/CGTCEMP"]}]}},"_links":{"self":[{"href":"https:\/\/cgtcemp.fr\/index.php\/wp-json\/wp\/v2\/pages\/65"}],"collection":[{"href":"https:\/\/cgtcemp.fr\/index.php\/wp-json\/wp\/v2\/pages"}],"about":[{"href":"https:\/\/cgtcemp.fr\/index.php\/wp-json\/wp\/v2\/types\/page"}],"author":[{"embeddable":true,"href":"https:\/\/cgtcemp.fr\/index.php\/wp-json\/wp\/v2\/users\/6"}],"replies":[{"embeddable":true,"href":"https:\/\/cgtcemp.fr\/index.php\/wp-json\/wp\/v2\/comments?post=65"}],"version-history":[{"count":9,"href":"https:\/\/cgtcemp.fr\/index.php\/wp-json\/wp\/v2\/pages\/65\/revisions"}],"predecessor-version":[{"id":698,"href":"https:\/\/cgtcemp.fr\/index.php\/wp-json\/wp\/v2\/pages\/65\/revisions\/698"}],"wp:attachment":[{"href":"https:\/\/cgtcemp.fr\/index.php\/wp-json\/wp\/v2\/media?parent=65"}],"curies":[{"name":"wp","href":"https:\/\/api.w.org\/{rel}","templated":true}]}}